{"id":177,"date":"2021-10-21T17:08:10","date_gmt":"2021-10-21T17:08:10","guid":{"rendered":"https:\/\/aibarneurocirugia.com\/?page_id=177"},"modified":"2022-07-07T10:52:38","modified_gmt":"2022-07-07T10:52:38","slug":"politica-de-cookies","status":"publish","type":"page","link":"https:\/\/aibarneurocirugia.com\/ca\/politica-de-cookies\/","title":{"rendered":"Pol\u00edtica de cookies"},"content":{"rendered":"<div data-elementor-type=\"wp-page\" data-elementor-id=\"177\" class=\"elementor elementor-177\" data-elementor-post-type=\"page\">\n\t\t\t\t\t\t<section class=\"elementor-section elementor-top-section elementor-element elementor-element-30f8fc35 elementor-section-boxed elementor-section-height-default elementor-section-height-default\" data-id=\"30f8fc35\" data-element_type=\"section\">\n\t\t\t\t\t\t<div class=\"elementor-container elementor-column-gap-default\">\n\t\t\t\t\t<div class=\"elementor-column elementor-col-100 elementor-top-column elementor-element elementor-element-1c0050fc\" data-id=\"1c0050fc\" data-element_type=\"column\">\n\t\t\t<div class=\"elementor-widget-wrap elementor-element-populated\">\n\t\t\t\t\t\t<div class=\"elementor-element elementor-element-8c78cdf elementor-widget elementor-widget-heading\" data-id=\"8c78cdf\" data-element_type=\"widget\" data-widget_type=\"heading.default\">\n\t\t\t\t<div class=\"elementor-widget-container\">\n\t\t\t\t\t<h1 class=\"elementor-heading-title elementor-size-default\">POL\u00cdTICA DE COOKIES<\/h1>\t\t\t\t<\/div>\n\t\t\t\t<\/div>\n\t\t\t\t<div class=\"elementor-element elementor-element-61292c73 elementor-widget elementor-widget-text-editor\" data-id=\"61292c73\" data-element_type=\"widget\" data-widget_type=\"text-editor.default\">\n\t\t\t\t<div class=\"elementor-widget-container\">\n\t\t\t\t\t\t\t\t\t<p><\/p>\n<div class=\"elementor-element elementor-element-660dd25a elementor-widget elementor-widget-heading\" data-id=\"660dd25a\" data-element_type=\"widget\" data-widget_type=\"heading.default\">\n<div class=\"elementor-widget-container\">\n<div class=\"elementor-element elementor-element-5909145c elementor-widget elementor-widget-heading\" data-id=\"5909145c\" data-element_type=\"widget\" data-widget_type=\"heading.default\">\n<div class=\"elementor-widget-container\">&nbsp;<\/div>\n<\/div>\n<div class=\"elementor-element elementor-element-1035e6eb elementor-widget elementor-widget-text-editor\" data-id=\"1035e6eb\" data-element_type=\"widget\" data-widget_type=\"text-editor.default\">\n<div class=\"elementor-widget-container\">\n<div class=\"elementor-text-editor elementor-clearfix\">\n<p>Bienvenida\/o a la&nbsp;<strong>POL\u00cdTICA DE COOKIES<\/strong>&nbsp;de la p\u00e1gina web de la entidad&nbsp; <b>DR JUAN AIBAR&nbsp;<\/b><b>,&nbsp;<\/b>donde te explicaremos en un lenguaje claro y sencillo todas las cuestiones necesarias para que puedas tener el control sobre ellas en base a tus decisiones personales.<\/p>\n<h4 class=\"wp-block-heading\"><strong>QU\u00c8 S\u00d3N LES COOKIES I PER QU\u00c8 LES USEM?<\/strong><\/h4>\n<p>Una&nbsp;cookie&nbsp;o galleta inform\u00e1tica es un peque\u00f1o archivo de informaci\u00f3n que se guarda en tu ordenador, \u201csmartphone\u201d o tableta cada vez que visitas nuestra p\u00e1gina web.<\/p>\n<p>En principi, una galeta \u00e9s inofensiva: no cont\u00e9 virus, troians, cucs, etc. que puguin danyar el teu terminal, per\u00f2 s\u00ed que t\u00e9 cert impacte sobre el teu dret a la protecci\u00f3 de les teves dades personals, ja que recull determinada informaci\u00f3 concernent a la teva persona (h\u00e0bits de navegaci\u00f3, identitat, prefer\u00e8ncies, etc.).<\/p>\n<p>\u00c9s per aix\u00f2 que, en base al que estableix la normativa aplicable (LSSI i normativa vigent de protecci\u00f3 de dades personals), l'activaci\u00f3 de determinats tipus de cookies necessitar\u00e0 la teva autoritzaci\u00f3 pr\u00e8via.<\/p>\n<p>Abans d'aix\u00f2, us donarem alguna informaci\u00f3 addicional que us ajudar\u00e0 a una millor presa de decisions sobre aix\u00f2:<\/p>\n<ol>\n<li>Las cookies pueden ser de varios tipos en funci\u00f3n de su finalidad:<\/li>\n<\/ol>\n<ul>\n<li>Les galetes t\u00e8cniques s\u00f3n necess\u00e0ries perqu\u00e8 la nostra p\u00e0gina web pugui funcionar, no necessiten la teva autoritzaci\u00f3 i s\u00f3n les \u00faniques que tenim activades per defecte.<\/li>\n<li class=\"translation-block\">La resta de cookies serveixen per millorar la nostra p\u00e0gina, per personalitzar-la en base a les teves prefer\u00e8ncies, o per poder mostrar publicitat ajustada a les teves cerques, gustos i interessos personals. Pots acceptar totes aquestes cookies fent clic al bot\u00f3 <strong>ACEPTAR<\/strong> o configurar-les o rebutjar-ne l'\u00fas clicant a l'apartat <strong>CONFIGURACI\u00d3 DE COOKIES<\/strong>.<\/li>\n<\/ul>\n<ol start=\"2\">\n<li class=\"translation-block\">Algunes galetes s\u00f3n les nostres (les anomenarem <strong>cookies pr\u00f2pies<\/strong>) i d'altres pertanyen a empreses externes que presten serveis per a la nostra p\u00e0gina web (les anomenarem <strong>cookies de tercers<\/strong>: un exemple podrien ser les cookies de prove\u00efdors externs com Google). En aquest sentit, \u00e9s important que s\u00e0pigues que alguns d'aquests prove\u00efdors externs poden estar ubicats fora d'Espanya.<\/li>\n<\/ol>\n<p>A nivell mundial, no tots els pa\u00efsos tenen un mateix nivell de protecci\u00f3 de dades, i hi ha alguns pa\u00efsos m\u00e9s segurs que altres (per exemple, la Uni\u00f3 Europea \u00e9s un entorn segur per a les teves dades). La nostra pol\u00edtica \u00e9s rec\u00f3rrer a prove\u00efdors de confian\u00e7a que, amb independ\u00e8ncia que es trobin o no ubicats a la Uni\u00f3 Europea, hagin adoptat les garanties adequades per a la protecci\u00f3 de la teva informaci\u00f3 personal. No obstant aix\u00f2, a l'apartat anomenat&nbsp;<\/p>\n<p><strong>QUIN TIPUS DE COOKIES S'UTILITZEN ACTUALMENT A LA NOSTRA P\u00c0GINA WEB?<\/strong>, pots consultar les diferents Pol\u00edtiques de privadesa i protecci\u00f3 de dades de cadascun dels referits prove\u00efdors externs, a fi de prendre una decisi\u00f3 conscient sobre l'activaci\u00f3 o no de les&nbsp;<strong>cookies de tercers<\/strong>&nbsp;que utilitza la nostra p\u00e0gina web.<\/p>\n<ol start=\"3\">\n<li>Finalment, indicar-te que, en funci\u00f3 del termini de temps que romanen actives, les galetes poden ser de dos tipus:<\/li>\n<\/ol>\n<ul>\n<li class=\"translation-block\"><strong>Cookies de sessi\u00f3:<\/strong>expireu autom\u00e0ticament quan acabeu la sessi\u00f3 al vostre ordinador, \u201csmartphone\u201d o tauleta. Solen fer-se servir per conservar la informaci\u00f3 necess\u00e0ria mentre se't presta un servei en una sola ocasi\u00f3.<\/li>\n<li class=\"translation-block\"><strong>Cookies persistents: <\/strong> romanen emmagatzemades al vostre ordinador, \u201csmartphone\u201d o tauleta durant un per\u00edode determinat, que pot variar des d'uns minuts fins a diversos anys.<\/li>\n<li>&nbsp;<\/li>\n<\/ul>\n<p><strong>QUIN TIPUS DE COOKIES PODEM UTILITZAR A LA NOSTRA P\u00c0GINA WEB?<\/strong><\/p>\n<ul>\n<li><strong>Technical Cookies:<\/strong><\/li>\n<\/ul>\n<p class=\"translation-block\">Les cookies t\u00e8cniques s\u00f3n estrictament necess\u00e0ries perqu\u00e8 la nostra p\u00e0gina web funcioni i puguis navegar-hi. Aquest tipus de cookies s\u00f3n les que, per exemple, ens permeten identificar-te, donar-te acc\u00e9s a determinades parts restringides de la p\u00e0gina si calgu\u00e9s, o recordar diferents opcions o serveis ja seleccionats per tu, com les teves prefer\u00e8ncies de privadesa. Per aix\u00f2, <strong> estan activades per defecte, i no \u00e9s necess\u00e0ria la teva autoritzaci\u00f3 respecte d'aix\u00f2<\/strong>.<\/p>\n<p>A trav\u00e9s de la configuraci\u00f3 del teu navegador, pots bloquejar o alertar de la pres\u00e8ncia d'aquest tipus de cookies, si b\u00e9 aquest bloqueig afectar\u00e0 el funcionament correcte de les diferents funcionalitats de la nostra p\u00e0gina web.<\/p>\n<ul>\n<li><strong>Cookies de An\u00e1lisis:<\/strong><\/li>\n<\/ul>\n<p>Les galetes d'an\u00e0lisi ens permeten estudiar la navegaci\u00f3 dels usuaris de la nostra p\u00e0gina web en general (per exemple, quines seccions de la p\u00e0gina s\u00f3n les m\u00e9s visitades, quins serveis es fan servir m\u00e9s i si funcionen correctament, etc.).<\/p>\n<p class=\"translation-block\">A partir de la informaci\u00f3 estad\u00edstica sobre la navegaci\u00f3 a la nostra p\u00e0gina web, podem millorar tant el propi funcionament de la p\u00e0gina com els diferents serveis que ofereix. Per tant, aquestes galetes no tenen una finalitat publicit\u00e0ria, sin\u00f3 que \u00fanicament serveixen perqu\u00e8 la nostra p\u00e0gina web funcioni millor, adaptant-se als nostres usuaris en general. Activant-les contribuir\u00e0s a aquesta millora cont\u00ednua.<\/p>\n<p class=\"translation-block\"><strong>Pots activar o desactivar aquestes galetes marcant la casella corresponent<\/strong>, estant desactivades per defecte.<\/p>\n<ul>\n<li><strong>Cookies de Funcionalitat i Personalitzaci\u00f3:<\/strong><\/li>\n<\/ul>\n<p>Les cookies de funcionalitat ens permeten recordar les teves prefer\u00e8ncies, per personalitzar a la teva mida determinades caracter\u00edstiques i opcions generals de la nostra p\u00e0gina web, cada vegada que hi accedeixis (per exemple, l'idioma en qu\u00e8 se't presenta la informaci\u00f3, les seccions marcades com preferides, el teu tipus de navegador, etc.).<\/p>\n<p class=\"translation-block\">Per tant, aquest tipus de cookies <strong>no tenen una finalitat publicit\u00e0ria<\/strong>, sin\u00f3 que activant-les millorar\u00e0s la funcionalitat de la p\u00e0gina web (per exemple, adaptant-se al teu tipus de navegador) i la personalitzaci\u00f3 de la mateixa en base a les teves prefer\u00e8ncies (per exemple, presentant la informaci\u00f3 en l'idioma que hagis triat anteriorment), la qual cosa contribuir\u00e0 a la facilitat, usabilitat i comoditat de la nostra p\u00e0gina durant la teva navegaci\u00f3.<\/p>\n<p class=\"translation-block\"><strong>Pots activar o desactivar aquestes galetes marcant la casella corresponent<\/strong>, estant desactivades per defecte.<\/p>\n<ul>\n<li><strong>Cookies de Publicidad:<\/strong><\/li>\n<\/ul>\n<p>Les galetes de publicitat ens permeten la gesti\u00f3 dels espais publicitaris inclosos a la nostra p\u00e0gina web en base a criteris com el contingut mostrat o la freq\u00fc\u00e8ncia en qu\u00e8 es mostren els anuncis.<\/p>\n<p>Aix\u00ed, per exemple, si se t'ha mostrat diverses vegades un mateix anunci a la nostra p\u00e0gina web, i no has mostrat un inter\u00e8s personal fent-hi clic, aquest no tornar\u00e0 a apar\u00e8ixer. En resum, activant aquest tipus de cookies, la publicitat mostrada a la nostra p\u00e0gina web ser\u00e0 m\u00e9s \u00fatil i diversa, i menys repetitiva.<\/p>\n<p class=\"translation-block\"><strong>Pots activar o desactivar aquestes galetes marcant la casella corresponent<\/strong>, estant desactivades per defecte.<\/p>\n<ul>\n<li><strong>Cookies de Publicitat Comportamental:<\/strong><\/li>\n<\/ul>\n<p>Les cookies de publicitat comportamental ens permeten obtenir informaci\u00f3 basada en l'observaci\u00f3 dels teus h\u00e0bits i comportaments de navegaci\u00f3 a la web, per tal de poder mostrar continguts publicitaris que s'ajustin millor als teus gustos i interessos personals.<\/p>\n<p>Perqu\u00e8 ho entenguis de manera molt senzilla, et posarem un exemple fictici: si les teves darreres cerques a la web estiguessin relacionades amb literatura de suspens, et mostrar\u00edem publicitat sobre llibres de suspens.<\/p>\n<p>Per tant, activant aquest tipus de cookies, la publicitat que us mostrem a la nostra p\u00e0gina web no ser\u00e0 gen\u00e8rica, sin\u00f3 que estar\u00e0 orientada a les vostres cerques, gustos i interessos, ajustant-se per tant exclusivament a tu.<\/p>\n<p class=\"translation-block\"><strong>Pots activar o desactivar aquestes galetes marcant la casella corresponent<\/strong>, estant desactivades per defecte.<\/p>\n<h4><strong>QUIN TIPUS DE COOKIES S'UTILITZEN ACTUALMENT A LA NOSTRA P\u00c0GINA WEB?<\/strong><\/h4>\n<p>Per tant, activant aquest tipus de cookies, la publicitat que us mostrem a la nostra p\u00e0gina web no ser\u00e0 gen\u00e8rica, sin\u00f3 que estar\u00e0 orientada a les vostres cerques, gustos i interessos, ajustant-se per tant exclusivament a tu.<\/p>\n<ul>\n<li class=\"translation-block\"><strong>Google Analytics,<\/strong> un sistema anal\u00edtic per analitzar l'\u00fas que fan els usuaris del lloc web i millorar-ne la usabilitat, per\u00f2 en cap cas s'associen a dades que poguessin arribar a identificar l'usuari. Google Analytics, \u00e9s un servei anal\u00edtic de web prestat per Google, Inc., L'usuari pot consultar <a href=\"https:\/\/www.google.es\/intl\/es\/policies\/technologies\/types\/\" target=\"_self \">aqu\u00ed<\/a> el tipus de cookies utilitzades per Google.<\/li>\n<li><b>Cookie de Google Maps,<\/b>&nbsp;segons el que disposa la seva p\u00e0gina sobre qu\u00e8&nbsp;<a href=\"http:\/\/www.google.com\/intl\/es\/policies\/technologies\/types\/\">tipo de cookies utilizan<\/a>.<\/li>\n<li class=\"translation-block\"><strong>WordPress: <\/strong>som usuaris de la plataforma de subministrament i allotjament de blocs WordPress, propietat de l'empresa nord-americana Automattic, Inc. de la responsable d'aquest lloc web, poden canviar la seva funci\u00f3 en qualsevol moment i introduir cookies noves. Aquestes cookies tampoc reporten al responsable d'aquest web cap benefici. Automattic, Inc., utilitza a m\u00e9s altres cookies amb la finalitat d'ajudar a identificar i rastrejar els visitants dels llocs de WordPress, con\u00e8ixer l'\u00fas que fan del lloc web d'Automattic, aix\u00ed com les seves prefer\u00e8ncies d'acc\u00e9s, tal com es recull a l'apartat \u201cCookies\u201d de la seva pol\u00edtica de privadesa.<\/li>\n<li><strong>Redes sociales:<\/strong>&nbsp;Les galetes de xarxes socials es poden emmagatzemar al vostre navegador mentre navegueu per&nbsp;<i>www.aibarneurocirugia.com<\/i>&nbsp;per exemple, quan utilitzeu el bot\u00f3 de compartir continguts en alguna xarxa social. Les empreses que generen aquestes cookies corresponents a les xarxes socials que utilitza aquesta web tenen les seves pr\u00f2pies pol\u00edtiques de cookies:<\/li>\n<li class=\"translation-block\">Cookie de Twitter, segons el que disposa <a href=\"https:\/\/twitter.com\/privacy\" target=\"_self\">pol\u00edtica de privadesa i \u00fas de cookies<\/a>.<\/li>\n<li class=\"translation-block\">Cookie de Facebook, segons el que es disposa<a href=\"https:\/\/www.facebook.com\/help\/cookies?ref_type=sitefooter\" target=\"_self\">Pol\u00edtica de Cookies<\/a><\/li>\n<li class=\"translation-block\">Cookie d'Instagram, segons el que es disposa a la seva<a href=\"https:\/\/www.facebook.com\/policies\/cookies\/\" target=\"_self\" rel=\"noopener noreferrer\">Pol\u00edtica de cookies<\/a><\/li>\n<\/ul>\n<p>Les implicacions de privadesa estaran en funci\u00f3 a cada xarxa social i dependran de la configuraci\u00f3 de privadesa que ha triat en aquestes xarxes. En cap cas, ni el responsable d'aquesta web ni els anunciants no poden obtenir informaci\u00f3 personal identificable d'aquestes cookies.<\/p>\n<h4><strong>&nbsp;<\/strong><strong>QU\u00c8 POTS FER AMB LES COOKIES?<\/strong><\/h4>\n<p>Quan accedeixes per primera vegada a la nostra p\u00e0gina web, se't mostra una finestra on t'informem que les cookies poden ser de diversos tipus:<\/p>\n<ul>\n<li>Les galetes t\u00e8cniques s\u00f3n necess\u00e0ries perqu\u00e8 la nostra p\u00e0gina web pugui funcionar, no necessiten la teva autoritzaci\u00f3 i s\u00f3n les \u00faniques que tenim activades per defecte.<\/li>\n<li class=\"translation-block\">La resta de cookies serveixen per millorar la nostra p\u00e0gina, per personalitzar-la en base a les teves prefer\u00e8ncies, o per poder mostrar publicitat ajustada a les teves cerques, gustos i interessos personals. Pots acceptar totes aquestes cookies fent clic al bot\u00f3 <strong>ACEPTAR<\/strong> o configurar-les o rebutjar-ne l'\u00fas clicant a l'apartat <strong>CONFIGURACI\u00d3 DE COOKIES<\/strong>.<\/li>\n<\/ul>\n<p class=\"translation-block\">Informar-te tamb\u00e9 que, una vegada que hagis activat qualsevol tipus de cookies, tens la possibilitat de desactivar-les en el moment que vulguis, amb el simple pas de desmarcar la casella corresponent a l'apartat <strong>CONFIGURACI\u00d3 DE COOKIES <\/strong>de la nostra p\u00e0gina web. Sempre ser\u00e0 tan senzill per a tu activar les nostres cookies pr\u00f2pies com desactivar-les.<\/p>\n<p>Recordar-te aix\u00ed mateix que, a trav\u00e9s de la configuraci\u00f3 del teu navegador, pots bloquejar o alertar de la pres\u00e8ncia de cookies, si b\u00e9 aquest bloqueig pot afectar el funcionament correcte de les diferents funcionalitats de la nostra p\u00e0gina web en el cas de les cookies t\u00e8cniques necess\u00e0ries.<\/p>\n<p>Finalment, indicar-te que, si actives&nbsp;<strong>cookies de tercers<\/strong>&nbsp;(empreses externes que presten serveis per a la nostra p\u00e0gina web) i posteriorment desitges desactivar-les, podr\u00e0s fer-ho de dues maneres: usant les eines de desactivaci\u00f3 de cookies del teu navegador oa trav\u00e9s dels propis sistemes habilitats per aquests prove\u00efdors externs.<\/p>\n<p>Para que te sea mucho m\u00e1s f\u00e1cil, a continuaci\u00f3n te relacionamos una serie de enlaces a las pautas de desactivaci\u00f3n de cookies de los navegadores de uso com\u00fan:<\/p>\n<ul>\n<li><a href=\"https:\/\/support.google.com\/accounts\/answer\/61416?co=GENIE.Platform%3DDesktop&amp;hl=es\">Google Chrome<\/a>.<\/li>\n<li><a href=\"https:\/\/support.mozilla.org\/es\/kb\/Borrar%20cookies\">Mozilla Firefox<\/a>.<\/li>\n<li><a href=\"https:\/\/support.microsoft.com\/es-es\/help\/278835\/how-to-delete-cookie-files-in-internet-explorer\">Internet Explorer<\/a>.<\/li>\n<li><a href=\"https:\/\/support.apple.com\/es-es\/guide\/safari\/sfri11471\/mac\">Safari<\/a>.<\/li>\n<li><a href=\"https:\/\/support.apple.com\/es-es\/HT201265\">Safari para IOS (iPhone y iPad)<\/a>.<\/li>\n<li><a href=\"https:\/\/support.google.com\/accounts\/answer\/61416?co=GENIE.Platform%3DAndroid&amp;hl=es&amp;oco=1\">Google Chrome para Android<\/a>.<\/li>\n<li><a href=\"https:\/\/support.google.com\/accounts\/answer\/61416?co=GENIE.Platform%3DiOS&amp;hl=es&amp;oco=1\">Google Chrome para Iphone y Ipad<\/a>.<\/li>\n<\/ul>\n<\/div>\n<\/div>\n<\/div>\n<\/div>\n<\/div>\n<p><\/p>\t\t\t\t\t\t\t\t<\/div>\n\t\t\t\t<\/div>\n\t\t\t\t\t<\/div>\n\t\t<\/div>\n\t\t\t\t\t<\/div>\n\t\t<\/section>\n\t\t\t\t<\/div>","protected":false},"excerpt":{"rendered":"<p>POL\u00cdTICA DE COOKIES &nbsp; Bienvenida\/o a la&nbsp;POL\u00cdTICA DE COOKIES&nbsp;de la p\u00e1gina web de la entidad&nbsp; DR JUAN AIBAR&nbsp;,&nbsp;donde te explicaremos en un lenguaje claro y sencillo todas las cuestiones necesarias para que puedas tener el control sobre ellas en base a tus decisiones personales. \u00bfQU\u00c9 SON LAS COOKIES Y PARA QU\u00c9 LAS USAMOS? Una&nbsp;cookie&nbsp;o galleta [&hellip;]<\/p>","protected":false},"author":3,"featured_media":0,"parent":0,"menu_order":0,"comment_status":"closed","ping_status":"closed","template":"elementor_header_footer","meta":{"content-type":"","footnotes":""},"class_list":["post-177","page","type-page","status-publish","hentry"],"yoast_head":"<!-- This site is optimized with the Yoast SEO plugin v25.4 - https:\/\/yoast.com\/wordpress\/plugins\/seo\/ -->\n<title>Pol\u00edtica de cookies - Juan Aibar Neurocirugia<\/title>\n<meta name=\"robots\" content=\"noindex, nofollow\" \/>\n<meta property=\"og:locale\" content=\"ca_ES\" \/>\n<meta property=\"og:type\" content=\"article\" \/>\n<meta property=\"og:title\" content=\"Pol\u00edtica de cookies - Juan Aibar Neurocirugia\" \/>\n<meta property=\"og:description\" content=\"POL\u00cdTICA DE COOKIES &nbsp; Bienvenida\/o a la&nbsp;POL\u00cdTICA DE COOKIES&nbsp;de la p\u00e1gina web de la entidad&nbsp; DR JUAN AIBAR&nbsp;,&nbsp;donde te explicaremos en un lenguaje claro y sencillo todas las cuestiones necesarias para que puedas tener el control sobre ellas en base a tus decisiones personales. \u00bfQU\u00c9 SON LAS COOKIES Y PARA QU\u00c9 LAS USAMOS? Una&nbsp;cookie&nbsp;o galleta [&hellip;]\" \/>\n<meta property=\"og:url\" content=\"https:\/\/aibarneurocirugia.com\/ca\/politica-de-cookies\/\" \/>\n<meta property=\"og:site_name\" content=\"Juan Aibar Neurocirugia\" \/>\n<meta property=\"article:modified_time\" content=\"2022-07-07T10:52:38+00:00\" \/>\n<meta name=\"twitter:card\" content=\"summary_large_image\" \/>\n<meta name=\"twitter:label1\" content=\"Temps estimat de lectura\" \/>\n\t<meta name=\"twitter:data1\" content=\"9 minuts\" \/>\n<script type=\"application\/ld+json\" class=\"yoast-schema-graph\">{\"@context\":\"https:\/\/schema.org\",\"@graph\":[{\"@type\":\"WebPage\",\"@id\":\"https:\/\/aibarneurocirugia.com\/politica-de-cookies\/\",\"url\":\"https:\/\/aibarneurocirugia.com\/politica-de-cookies\/\",\"name\":\"Pol\u00edtica de cookies - Juan Aibar Neurocirugia\",\"isPartOf\":{\"@id\":\"https:\/\/aibarneurocirugia.com\/#website\"},\"datePublished\":\"2021-10-21T17:08:10+00:00\",\"dateModified\":\"2022-07-07T10:52:38+00:00\",\"breadcrumb\":{\"@id\":\"https:\/\/aibarneurocirugia.com\/politica-de-cookies\/#breadcrumb\"},\"inLanguage\":\"ca\",\"potentialAction\":[{\"@type\":\"ReadAction\",\"target\":[\"https:\/\/aibarneurocirugia.com\/politica-de-cookies\/\"]}]},{\"@type\":\"BreadcrumbList\",\"@id\":\"https:\/\/aibarneurocirugia.com\/politica-de-cookies\/#breadcrumb\",\"itemListElement\":[{\"@type\":\"ListItem\",\"position\":1,\"name\":\"Portada\",\"item\":\"https:\/\/aibarneurocirugia.com\/\"},{\"@type\":\"ListItem\",\"position\":2,\"name\":\"Pol\u00edtica de cookies\"}]},{\"@type\":\"WebSite\",\"@id\":\"https:\/\/aibarneurocirugia.com\/#website\",\"url\":\"https:\/\/aibarneurocirugia.com\/\",\"name\":\"Juan Aibar Neurocirugia\",\"description\":\"Neurocirujano Barcelona\",\"publisher\":{\"@id\":\"https:\/\/aibarneurocirugia.com\/#organization\"},\"potentialAction\":[{\"@type\":\"SearchAction\",\"target\":{\"@type\":\"EntryPoint\",\"urlTemplate\":\"https:\/\/aibarneurocirugia.com\/?s={search_term_string}\"},\"query-input\":{\"@type\":\"PropertyValueSpecification\",\"valueRequired\":true,\"valueName\":\"search_term_string\"}}],\"inLanguage\":\"ca\"},{\"@type\":\"Organization\",\"@id\":\"https:\/\/aibarneurocirugia.com\/#organization\",\"name\":\"Juan Aibar Neurocirug\u00eda\",\"url\":\"https:\/\/aibarneurocirugia.com\/\",\"logo\":{\"@type\":\"ImageObject\",\"inLanguage\":\"ca\",\"@id\":\"https:\/\/aibarneurocirugia.com\/#\/schema\/logo\/image\/\",\"url\":\"https:\/\/aibarneurocirugia.com\/wp-content\/uploads\/2021\/12\/Fig-4-scaled.jpg\",\"contentUrl\":\"https:\/\/aibarneurocirugia.com\/wp-content\/uploads\/2021\/12\/Fig-4-scaled.jpg\",\"width\":2560,\"height\":1542,\"caption\":\"Juan Aibar Neurocirug\u00eda\"},\"image\":{\"@id\":\"https:\/\/aibarneurocirugia.com\/#\/schema\/logo\/image\/\"}}]}<\/script>\n<!-- \/ Yoast SEO plugin. -->","yoast_head_json":{"title":"Pol\u00edtica de cookies - Juan Aibar Neurocirugia","robots":{"index":"noindex","follow":"nofollow"},"og_locale":"ca_ES","og_type":"article","og_title":"Pol\u00edtica de cookies - Juan Aibar Neurocirugia","og_description":"POL\u00cdTICA DE COOKIES &nbsp; Bienvenida\/o a la&nbsp;POL\u00cdTICA DE COOKIES&nbsp;de la p\u00e1gina web de la entidad&nbsp; DR JUAN AIBAR&nbsp;,&nbsp;donde te explicaremos en un lenguaje claro y sencillo todas las cuestiones necesarias para que puedas tener el control sobre ellas en base a tus decisiones personales. \u00bfQU\u00c9 SON LAS COOKIES Y PARA QU\u00c9 LAS USAMOS? Una&nbsp;cookie&nbsp;o galleta [&hellip;]","og_url":"https:\/\/aibarneurocirugia.com\/ca\/politica-de-cookies\/","og_site_name":"Juan Aibar Neurocirugia","article_modified_time":"2022-07-07T10:52:38+00:00","twitter_card":"summary_large_image","twitter_misc":{"Temps estimat de lectura":"9 minuts"},"schema":{"@context":"https:\/\/schema.org","@graph":[{"@type":"WebPage","@id":"https:\/\/aibarneurocirugia.com\/politica-de-cookies\/","url":"https:\/\/aibarneurocirugia.com\/politica-de-cookies\/","name":"Pol\u00edtica de cookies - Juan Aibar Neurocirugia","isPartOf":{"@id":"https:\/\/aibarneurocirugia.com\/#website"},"datePublished":"2021-10-21T17:08:10+00:00","dateModified":"2022-07-07T10:52:38+00:00","breadcrumb":{"@id":"https:\/\/aibarneurocirugia.com\/politica-de-cookies\/#breadcrumb"},"inLanguage":"ca","potentialAction":[{"@type":"ReadAction","target":["https:\/\/aibarneurocirugia.com\/politica-de-cookies\/"]}]},{"@type":"BreadcrumbList","@id":"https:\/\/aibarneurocirugia.com\/politica-de-cookies\/#breadcrumb","itemListElement":[{"@type":"ListItem","position":1,"name":"Portada","item":"https:\/\/aibarneurocirugia.com\/"},{"@type":"ListItem","position":2,"name":"Pol\u00edtica de cookies"}]},{"@type":"WebSite","@id":"https:\/\/aibarneurocirugia.com\/#website","url":"https:\/\/aibarneurocirugia.com\/","name":"Juan Aibar Neurocirugia","description":"Neurocirujano Barcelona","publisher":{"@id":"https:\/\/aibarneurocirugia.com\/#organization"},"potentialAction":[{"@type":"SearchAction","target":{"@type":"EntryPoint","urlTemplate":"https:\/\/aibarneurocirugia.com\/?s={search_term_string}"},"query-input":{"@type":"PropertyValueSpecification","valueRequired":true,"valueName":"search_term_string"}}],"inLanguage":"ca"},{"@type":"Organization","@id":"https:\/\/aibarneurocirugia.com\/#organization","name":"Juan Aibar Neurocirug\u00eda","url":"https:\/\/aibarneurocirugia.com\/","logo":{"@type":"ImageObject","inLanguage":"ca","@id":"https:\/\/aibarneurocirugia.com\/#\/schema\/logo\/image\/","url":"https:\/\/aibarneurocirugia.com\/wp-content\/uploads\/2021\/12\/Fig-4-scaled.jpg","contentUrl":"https:\/\/aibarneurocirugia.com\/wp-content\/uploads\/2021\/12\/Fig-4-scaled.jpg","width":2560,"height":1542,"caption":"Juan Aibar Neurocirug\u00eda"},"image":{"@id":"https:\/\/aibarneurocirugia.com\/#\/schema\/logo\/image\/"}}]}},"_links":{"self":[{"href":"https:\/\/aibarneurocirugia.com\/ca\/wp-json\/wp\/v2\/pages\/177","targetHints":{"allow":["GET"]}}],"collection":[{"href":"https:\/\/aibarneurocirugia.com\/ca\/wp-json\/wp\/v2\/pages"}],"about":[{"href":"https:\/\/aibarneurocirugia.com\/ca\/wp-json\/wp\/v2\/types\/page"}],"author":[{"embeddable":true,"href":"https:\/\/aibarneurocirugia.com\/ca\/wp-json\/wp\/v2\/users\/3"}],"replies":[{"embeddable":true,"href":"https:\/\/aibarneurocirugia.com\/ca\/wp-json\/wp\/v2\/comments?post=177"}],"version-history":[{"count":28,"href":"https:\/\/aibarneurocirugia.com\/ca\/wp-json\/wp\/v2\/pages\/177\/revisions"}],"predecessor-version":[{"id":1215,"href":"https:\/\/aibarneurocirugia.com\/ca\/wp-json\/wp\/v2\/pages\/177\/revisions\/1215"}],"wp:attachment":[{"href":"https:\/\/aibarneurocirugia.com\/ca\/wp-json\/wp\/v2\/media?parent=177"}],"curies":[{"name":"wp","href":"https:\/\/api.w.org\/{rel}","templated":true}]}}