{"id":190,"date":"2021-10-21T17:11:28","date_gmt":"2021-10-21T17:11:28","guid":{"rendered":"https:\/\/aibarneurocirugia.com\/?page_id=190"},"modified":"2022-07-07T10:53:11","modified_gmt":"2022-07-07T10:53:11","slug":"proteccion-de-datos","status":"publish","type":"page","link":"https:\/\/aibarneurocirugia.com\/ca\/proteccion-de-datos\/","title":{"rendered":"Protecci\u00f3 de dades"},"content":{"rendered":"<div data-elementor-type=\"wp-page\" data-elementor-id=\"190\" class=\"elementor elementor-190\" data-elementor-post-type=\"page\">\n\t\t\t\t\t\t<section class=\"elementor-section elementor-top-section elementor-element elementor-element-30f8fc35 elementor-section-boxed elementor-section-height-default elementor-section-height-default\" data-id=\"30f8fc35\" data-element_type=\"section\">\n\t\t\t\t\t\t<div class=\"elementor-container elementor-column-gap-default\">\n\t\t\t\t\t<div class=\"elementor-column elementor-col-100 elementor-top-column elementor-element elementor-element-1c0050fc\" data-id=\"1c0050fc\" data-element_type=\"column\">\n\t\t\t<div class=\"elementor-widget-wrap elementor-element-populated\">\n\t\t\t\t\t\t<div class=\"elementor-element elementor-element-d153c0e elementor-widget elementor-widget-heading\" data-id=\"d153c0e\" data-element_type=\"widget\" data-widget_type=\"heading.default\">\n\t\t\t\t<div class=\"elementor-widget-container\">\n\t\t\t\t\t<h2 class=\"elementor-heading-title elementor-size-default\">POL\u00cdTICA DE PROTECCI\u00d3 DE DADES<\/h2>\t\t\t\t<\/div>\n\t\t\t\t<\/div>\n\t\t\t\t<div class=\"elementor-element elementor-element-61292c73 elementor-widget elementor-widget-text-editor\" data-id=\"61292c73\" data-element_type=\"widget\" data-widget_type=\"text-editor.default\">\n\t\t\t\t<div class=\"elementor-widget-container\">\n\t\t\t\t\t\t\t\t\t<p><\/p>\n<div class=\"elementor-element elementor-element-660dd25a elementor-widget elementor-widget-heading\" data-id=\"660dd25a\" data-element_type=\"widget\" data-widget_type=\"heading.default\">\n<div class=\"elementor-widget-container\">\n<div class=\"elementor-element elementor-element-31f874af elementor-widget elementor-widget-heading\" data-id=\"31f874af\" data-element_type=\"widget\" data-widget_type=\"heading.default\">\n<div class=\"elementor-widget-container\">\n<h2 class=\"elementor-heading-title elementor-size-default wp-block-heading\">&nbsp;<\/h2>\n<\/div>\n<\/div>\n<div class=\"elementor-element elementor-element-390e0146 elementor-widget elementor-widget-text-editor\" data-id=\"390e0146\" data-element_type=\"widget\" data-widget_type=\"text-editor.default\">\n<div class=\"elementor-widget-container\">\n<div class=\"elementor-text-editor elementor-clearfix\">\n<p>La Direcci\u00f3n \/ \u00d3rgano de Gobierno de Juan Aibar (en adelante, el responsable del tratamiento), asume la m\u00e1xima responsabilidad y compromiso con el establecimiento, implementaci\u00f3n y mantenimiento de la presente Pol\u00edtica de Protecci\u00f3n de Datos, garantizando la mejora continua del responsable del tratamiento con el objetivo de alcanzar la excelencia en relaci\u00f3n con el cumplimiento del Reglamento (UE) 2016\/679 del Parlamento Europeo y del Consejo, de 27 de abril de 2016, relativo a la protecci\u00f3n de las personas f\u00edsicas en lo que respecta al tratamiento de datos personales y a la libre circulaci\u00f3n de estos datos y por el que se deroga la Directiva&nbsp;95\/46\/CE (Reglamento general de protecci\u00f3n de datos) (DOUE L 119\/1, 04-05-2016), y de la normativa espa\u00f1ola de protecci\u00f3n de datos de car\u00e1cter personal (Ley Org\u00e1nica, legislaci\u00f3n sectorial espec\u00edfica y sus normas de desarrollo).<\/p>\n<p><\/p>\n<p class=\"translation-block\">La Pol\u00edtica de Protecci\u00f3 de Dades de <b> <strong>Dr. Juan \u00c1ngel Aibar Dur\u00e1n<\/strong> <\/b>descansa en el <u>principi de responsabilitat proactiva<\/u>, segons el qual el responsable del tractament \u00e9s responsable del compliment del marc normatiu i jurisprudencial que governa aquesta Pol\u00edtica, i \u00e9s capa\u00e7 de demostrar-ho davant de les autoritats de control competents.<\/p>\n<p><\/p>\n<p>En aquest sentit, el responsable del tractament es regir\u00e0 pels principis seg\u00fcents que han de servir tot el seu personal com a guia i marc de refer\u00e8ncia en el tractament de dades personals:<\/p>\n<p><\/p>\n<ol>\n<li class=\"translation-block\"><u>Protecci\u00f3 de dades des del disseny:<\/u> el responsable del tractament aplicar\u00e0, tant en el moment de determinar els mitjans de tractament com en el moment del propi tractament, mesures t\u00e8cniques i organitzatives apropiades, com la pseudonimitzaci\u00f3, concebudes per a aplicar de manera efectiva els principis de protecci\u00f3 de dades, com ara la minimitzaci\u00f3 de dades, i integrar les garanties necess\u00e0ries en el tractament.<\/li>\n<\/ol>\n<ol start=\"2\">\n<li class=\"translation-block\"><u>Protecci\u00f3 de dades per defecte:<\/u> el responsable del tractament aplicar\u00e0 les mesures t\u00e8cniques i organitzatives apropiades amb vista a garantir que, per defecte, nom\u00e9s siguin objecte de tractament les dades personals que siguin necess\u00e0ries per a cadascun dels fins espec\u00edfics del tractament.<\/li>\n<\/ol>\n<ol start=\"3\">\n<li class=\"translation-block\"><u>Protecci\u00f3 de dades per defecte:<\/u> el responsable del tractament aplicar\u00e0 les mesures t\u00e8cniques i organitzatives apropiades amb vista a garantir que, per defecte, nom\u00e9s siguin objecte de tractament les dades personals que siguin necess\u00e0ries per a cadascun dels fins espec\u00edfics del tractament.<\/li>\n<\/ol>\n<ol start=\"4\">\n<li class=\"translation-block\"><u>Licitud, lleialtat i transpar\u00e8ncia:<\/u> les dades personals seran tractades de manera l\u00edcita, lleial i transparent en relaci\u00f3 amb l'interessat.<\/li>\n<\/ol>\n<ol start=\"5\">\n<li class=\"translation-block\"><u>Limitaci\u00f3 de la finalitat:<\/u> les dades personals seran recollides amb finalitats determinades, expl\u00edcites i leg\u00edtimes, i no seran tractades ulteriorment de manera incompatible amb aquests fins.<\/li>\n<\/ol>\n<ol start=\"6\">\n<li class=\"translation-block\"><u>Minimitzaci\u00f3 de dades:<\/u> Les dades personals seran adequades, pertinents i limitades al que sigui necessari en relaci\u00f3 amb les finalitats per a les quals s\u00f3n tractades.<\/li>\n<\/ol>\n<ol start=\"7\">\n<li class=\"translation-block\"><u>Exactitud:<\/u> les dades personals seran exactes i, si fos necessari, actualitzades; s'adoptaran totes les mesures raonables perqu\u00e8 se suprimeixin o rectifiquin sense dilaci\u00f3 les dades personals que siguin inexactes respecte a les finalitats per a les quals es tracten.<\/li>\n<\/ol>\n<ol start=\"8\">\n<li class=\"translation-block\"><u>Limitaci\u00f3 del termini de conservaci\u00f3:<\/u> les dades personals seran mantingudes de manera que es permeti la identificaci\u00f3 dels interessats durant no m\u00e9s temps del necessari per als fins del tractament de les dades personals.<\/li>\n<\/ol>\n<ol start=\"10\">\n<li class=\"translation-block\"><u>Integritat i confidencialitat:<\/u> les dades personals seran tractades de tal manera que es garanteixi una seguretat adequada de les dades personals, inclosa la protecci\u00f3 contra el tractament no autoritzat o il\u00b7l\u00edcit i contra la seva p\u00e8rdua, destrucci\u00f3 o dany accidental, mitjan\u00e7ant laplicaci\u00f3 de mesures t\u00e8cniques o organitzatives apropiades.<\/li>\n<li class=\"translation-block\"><u>Informaci\u00f3 i formaci\u00f3:<\/u> una de les claus per garantir la protecci\u00f3 de les dades personals \u00e9s la formaci\u00f3 i informaci\u00f3 que es faciliti al personal involucrat en el seu tractament. Durant el cicle de vida de la informaci\u00f3, tot el personal amb acc\u00e9s a les dades ser\u00e0 convenientment format i informat sobre les seves obligacions en relaci\u00f3 amb el compliment de la normativa de protecci\u00f3 de dades.<\/li>\n<\/ol>\n<p class=\"translation-block\">La Pol\u00edtica de Protecci\u00f3 de Dades de <b> aibarneurocirugia.com <\/b>\u00e9s comunicada a tot el personal del responsable del tractament i posada a disposici\u00f3 de totes les parts interessades.<\/p>\n<p>En conseq\u00fc\u00e8ncia, aquesta Pol\u00edtica de Protecci\u00f3 de Dades involucra tot el personal del responsable del tractament, que l'ha de con\u00e8ixer i assumir, considerant-la com a pr\u00f2pia, i cada membre responsable d'aplicar-la i de verificar les normes de protecci\u00f3 de dades aplicables a la seva activitat. , aix\u00ed com identificar i aportar les oportunitats de millora que consideri oportunes amb l'objectiu d'assolir l'excel\u00b7l\u00e8ncia en relaci\u00f3 amb el compliment.<\/p>\n<p>Esta Pol\u00edtica ser\u00e1 revisada por la Direcci\u00f3n \/ \u00d3rgano de Gobierno de aibarneurocirugia.com&nbsp; tantas veces como se considere necesario, para adecuarse, en todo momento, a las disposiciones vigentes en materia de protecci\u00f3n de datos de car\u00e1cter personal.<\/p>\n<\/div>\n<\/div>\n<\/div>\n<\/div>\n<\/div>\n<p><\/p>\t\t\t\t\t\t\t\t<\/div>\n\t\t\t\t<\/div>\n\t\t\t\t\t<\/div>\n\t\t<\/div>\n\t\t\t\t\t<\/div>\n\t\t<\/section>\n\t\t\t\t<\/div>","protected":false},"excerpt":{"rendered":"<p>POL\u00cdTICA DE PROTECCI\u00d3N DE DATOS &nbsp; La Direcci\u00f3n \/ \u00d3rgano de Gobierno de Juan Aibar (en adelante, el responsable del tratamiento), asume la m\u00e1xima responsabilidad y compromiso con el establecimiento, implementaci\u00f3n y mantenimiento de la presente Pol\u00edtica de Protecci\u00f3n de Datos, garantizando la mejora continua del responsable del tratamiento con el objetivo de alcanzar la [&hellip;]<\/p>","protected":false},"author":3,"featured_media":0,"parent":0,"menu_order":0,"comment_status":"closed","ping_status":"closed","template":"elementor_header_footer","meta":{"content-type":"","footnotes":""},"class_list":["post-190","page","type-page","status-publish","hentry"],"yoast_head":"<!-- This site is optimized with the Yoast SEO plugin v25.4 - https:\/\/yoast.com\/wordpress\/plugins\/seo\/ -->\n<title>Protecci\u00f3n de datos - Juan Aibar Neurocirugia<\/title>\n<meta name=\"robots\" content=\"noindex, nofollow\" \/>\n<meta property=\"og:locale\" content=\"ca_ES\" \/>\n<meta property=\"og:type\" content=\"article\" \/>\n<meta property=\"og:title\" content=\"Protecci\u00f3n de datos - Juan Aibar Neurocirugia\" \/>\n<meta property=\"og:description\" content=\"POL\u00cdTICA DE PROTECCI\u00d3N DE DATOS &nbsp; La Direcci\u00f3n \/ \u00d3rgano de Gobierno de Juan Aibar (en adelante, el responsable del tratamiento), asume la m\u00e1xima responsabilidad y compromiso con el establecimiento, implementaci\u00f3n y mantenimiento de la presente Pol\u00edtica de Protecci\u00f3n de Datos, garantizando la mejora continua del responsable del tratamiento con el objetivo de alcanzar la [&hellip;]\" \/>\n<meta property=\"og:url\" content=\"https:\/\/aibarneurocirugia.com\/ca\/proteccion-de-datos\/\" \/>\n<meta property=\"og:site_name\" content=\"Juan Aibar Neurocirugia\" \/>\n<meta property=\"article:modified_time\" content=\"2022-07-07T10:53:11+00:00\" \/>\n<meta name=\"twitter:card\" content=\"summary_large_image\" \/>\n<meta name=\"twitter:label1\" content=\"Temps estimat de lectura\" \/>\n\t<meta name=\"twitter:data1\" content=\"4 minuts\" \/>\n<script type=\"application\/ld+json\" class=\"yoast-schema-graph\">{\"@context\":\"https:\/\/schema.org\",\"@graph\":[{\"@type\":\"WebPage\",\"@id\":\"https:\/\/aibarneurocirugia.com\/proteccion-de-datos\/\",\"url\":\"https:\/\/aibarneurocirugia.com\/proteccion-de-datos\/\",\"name\":\"Protecci\u00f3n de datos - Juan Aibar Neurocirugia\",\"isPartOf\":{\"@id\":\"https:\/\/aibarneurocirugia.com\/#website\"},\"datePublished\":\"2021-10-21T17:11:28+00:00\",\"dateModified\":\"2022-07-07T10:53:11+00:00\",\"breadcrumb\":{\"@id\":\"https:\/\/aibarneurocirugia.com\/proteccion-de-datos\/#breadcrumb\"},\"inLanguage\":\"ca\",\"potentialAction\":[{\"@type\":\"ReadAction\",\"target\":[\"https:\/\/aibarneurocirugia.com\/proteccion-de-datos\/\"]}]},{\"@type\":\"BreadcrumbList\",\"@id\":\"https:\/\/aibarneurocirugia.com\/proteccion-de-datos\/#breadcrumb\",\"itemListElement\":[{\"@type\":\"ListItem\",\"position\":1,\"name\":\"Portada\",\"item\":\"https:\/\/aibarneurocirugia.com\/\"},{\"@type\":\"ListItem\",\"position\":2,\"name\":\"Protecci\u00f3n de datos\"}]},{\"@type\":\"WebSite\",\"@id\":\"https:\/\/aibarneurocirugia.com\/#website\",\"url\":\"https:\/\/aibarneurocirugia.com\/\",\"name\":\"Juan Aibar Neurocirugia\",\"description\":\"Neurocirujano Barcelona\",\"publisher\":{\"@id\":\"https:\/\/aibarneurocirugia.com\/#organization\"},\"potentialAction\":[{\"@type\":\"SearchAction\",\"target\":{\"@type\":\"EntryPoint\",\"urlTemplate\":\"https:\/\/aibarneurocirugia.com\/?s={search_term_string}\"},\"query-input\":{\"@type\":\"PropertyValueSpecification\",\"valueRequired\":true,\"valueName\":\"search_term_string\"}}],\"inLanguage\":\"ca\"},{\"@type\":\"Organization\",\"@id\":\"https:\/\/aibarneurocirugia.com\/#organization\",\"name\":\"Juan Aibar Neurocirug\u00eda\",\"url\":\"https:\/\/aibarneurocirugia.com\/\",\"logo\":{\"@type\":\"ImageObject\",\"inLanguage\":\"ca\",\"@id\":\"https:\/\/aibarneurocirugia.com\/#\/schema\/logo\/image\/\",\"url\":\"https:\/\/aibarneurocirugia.com\/wp-content\/uploads\/2021\/12\/Fig-4-scaled.jpg\",\"contentUrl\":\"https:\/\/aibarneurocirugia.com\/wp-content\/uploads\/2021\/12\/Fig-4-scaled.jpg\",\"width\":2560,\"height\":1542,\"caption\":\"Juan Aibar Neurocirug\u00eda\"},\"image\":{\"@id\":\"https:\/\/aibarneurocirugia.com\/#\/schema\/logo\/image\/\"}}]}<\/script>\n<!-- \/ Yoast SEO plugin. -->","yoast_head_json":{"title":"Protecci\u00f3n de datos - Juan Aibar Neurocirugia","robots":{"index":"noindex","follow":"nofollow"},"og_locale":"ca_ES","og_type":"article","og_title":"Protecci\u00f3n de datos - Juan Aibar Neurocirugia","og_description":"POL\u00cdTICA DE PROTECCI\u00d3N DE DATOS &nbsp; La Direcci\u00f3n \/ \u00d3rgano de Gobierno de Juan Aibar (en adelante, el responsable del tratamiento), asume la m\u00e1xima responsabilidad y compromiso con el establecimiento, implementaci\u00f3n y mantenimiento de la presente Pol\u00edtica de Protecci\u00f3n de Datos, garantizando la mejora continua del responsable del tratamiento con el objetivo de alcanzar la [&hellip;]","og_url":"https:\/\/aibarneurocirugia.com\/ca\/proteccion-de-datos\/","og_site_name":"Juan Aibar Neurocirugia","article_modified_time":"2022-07-07T10:53:11+00:00","twitter_card":"summary_large_image","twitter_misc":{"Temps estimat de lectura":"4 minuts"},"schema":{"@context":"https:\/\/schema.org","@graph":[{"@type":"WebPage","@id":"https:\/\/aibarneurocirugia.com\/proteccion-de-datos\/","url":"https:\/\/aibarneurocirugia.com\/proteccion-de-datos\/","name":"Protecci\u00f3n de datos - Juan Aibar Neurocirugia","isPartOf":{"@id":"https:\/\/aibarneurocirugia.com\/#website"},"datePublished":"2021-10-21T17:11:28+00:00","dateModified":"2022-07-07T10:53:11+00:00","breadcrumb":{"@id":"https:\/\/aibarneurocirugia.com\/proteccion-de-datos\/#breadcrumb"},"inLanguage":"ca","potentialAction":[{"@type":"ReadAction","target":["https:\/\/aibarneurocirugia.com\/proteccion-de-datos\/"]}]},{"@type":"BreadcrumbList","@id":"https:\/\/aibarneurocirugia.com\/proteccion-de-datos\/#breadcrumb","itemListElement":[{"@type":"ListItem","position":1,"name":"Portada","item":"https:\/\/aibarneurocirugia.com\/"},{"@type":"ListItem","position":2,"name":"Protecci\u00f3n de datos"}]},{"@type":"WebSite","@id":"https:\/\/aibarneurocirugia.com\/#website","url":"https:\/\/aibarneurocirugia.com\/","name":"Juan Aibar Neurocirugia","description":"Neurocirujano Barcelona","publisher":{"@id":"https:\/\/aibarneurocirugia.com\/#organization"},"potentialAction":[{"@type":"SearchAction","target":{"@type":"EntryPoint","urlTemplate":"https:\/\/aibarneurocirugia.com\/?s={search_term_string}"},"query-input":{"@type":"PropertyValueSpecification","valueRequired":true,"valueName":"search_term_string"}}],"inLanguage":"ca"},{"@type":"Organization","@id":"https:\/\/aibarneurocirugia.com\/#organization","name":"Juan Aibar Neurocirug\u00eda","url":"https:\/\/aibarneurocirugia.com\/","logo":{"@type":"ImageObject","inLanguage":"ca","@id":"https:\/\/aibarneurocirugia.com\/#\/schema\/logo\/image\/","url":"https:\/\/aibarneurocirugia.com\/wp-content\/uploads\/2021\/12\/Fig-4-scaled.jpg","contentUrl":"https:\/\/aibarneurocirugia.com\/wp-content\/uploads\/2021\/12\/Fig-4-scaled.jpg","width":2560,"height":1542,"caption":"Juan Aibar Neurocirug\u00eda"},"image":{"@id":"https:\/\/aibarneurocirugia.com\/#\/schema\/logo\/image\/"}}]}},"_links":{"self":[{"href":"https:\/\/aibarneurocirugia.com\/ca\/wp-json\/wp\/v2\/pages\/190","targetHints":{"allow":["GET"]}}],"collection":[{"href":"https:\/\/aibarneurocirugia.com\/ca\/wp-json\/wp\/v2\/pages"}],"about":[{"href":"https:\/\/aibarneurocirugia.com\/ca\/wp-json\/wp\/v2\/types\/page"}],"author":[{"embeddable":true,"href":"https:\/\/aibarneurocirugia.com\/ca\/wp-json\/wp\/v2\/users\/3"}],"replies":[{"embeddable":true,"href":"https:\/\/aibarneurocirugia.com\/ca\/wp-json\/wp\/v2\/comments?post=190"}],"version-history":[{"count":27,"href":"https:\/\/aibarneurocirugia.com\/ca\/wp-json\/wp\/v2\/pages\/190\/revisions"}],"predecessor-version":[{"id":1217,"href":"https:\/\/aibarneurocirugia.com\/ca\/wp-json\/wp\/v2\/pages\/190\/revisions\/1217"}],"wp:attachment":[{"href":"https:\/\/aibarneurocirugia.com\/ca\/wp-json\/wp\/v2\/media?parent=190"}],"curies":[{"name":"wp","href":"https:\/\/api.w.org\/{rel}","templated":true}]}}