{"id":3,"date":"2021-10-08T21:08:03","date_gmt":"2021-10-08T21:08:03","guid":{"rendered":"https:\/\/aibarneurocirugia.com\/?page_id=3"},"modified":"2022-07-07T10:52:54","modified_gmt":"2022-07-07T10:52:54","slug":"politica-de-privacidad","status":"publish","type":"page","link":"https:\/\/aibarneurocirugia.com\/ca\/politica-de-privacidad\/","title":{"rendered":"Pol\u00edtica de privacitat"},"content":{"rendered":"<div data-elementor-type=\"wp-page\" data-elementor-id=\"3\" class=\"elementor elementor-3\" data-elementor-post-type=\"page\">\n\t\t\t\t\t\t<section class=\"elementor-section elementor-top-section elementor-element elementor-element-30f8fc35 elementor-section-boxed elementor-section-height-default elementor-section-height-default\" data-id=\"30f8fc35\" data-element_type=\"section\">\n\t\t\t\t\t\t<div class=\"elementor-container elementor-column-gap-default\">\n\t\t\t\t\t<div class=\"elementor-column elementor-col-100 elementor-top-column elementor-element elementor-element-1c0050fc\" data-id=\"1c0050fc\" data-element_type=\"column\">\n\t\t\t<div class=\"elementor-widget-wrap elementor-element-populated\">\n\t\t\t\t\t\t<div class=\"elementor-element elementor-element-6c92605 elementor-widget elementor-widget-heading\" data-id=\"6c92605\" data-element_type=\"widget\" data-widget_type=\"heading.default\">\n\t\t\t\t<div class=\"elementor-widget-container\">\n\t\t\t\t\t<h1 class=\"elementor-heading-title elementor-size-default\">Pol\u00edtica de privacitat<\/h1>\t\t\t\t<\/div>\n\t\t\t\t<\/div>\n\t\t\t\t<div class=\"elementor-element elementor-element-61292c73 elementor-widget elementor-widget-text-editor\" data-id=\"61292c73\" data-element_type=\"widget\" data-widget_type=\"text-editor.default\">\n\t\t\t\t<div class=\"elementor-widget-container\">\n\t\t\t\t\t\t\t\t\t<p>Informaci\u00f3 en compliment de la normativa de protecci\u00f3 de dades personals<\/p><div class=\"elementor-element elementor-element-4fd6c09b elementor-widget elementor-widget-text-editor\" data-id=\"4fd6c09b\" data-element_type=\"widget\" data-widget_type=\"text-editor.default\"><div class=\"elementor-widget-container\"><div class=\"elementor-text-editor elementor-clearfix\"><p>A Europa es Espanya hi ha normes de protecci\u00f3 de dades pensades per protegir la seva informaci\u00f3 personal de compliment obligat per a la nostra entitat.<\/p><p>Per aix\u00f2, \u00e9s molt important per a nosaltres que entengui perfectament qu\u00e8 farem amb les dades personals que us demanem.<\/p><p>Aix\u00ed, serem transparents i us donarem el control de les vostres dades, amb un llenguatge senzill i opcions clares que us permetran decidir qu\u00e8 farem amb la vostra informaci\u00f3 personal.<\/p><p>Si us plau, si un cop llegida aquesta informaci\u00f3 us queda algun dubte, no dubteu a preguntar-nos.<\/p><p>Moltes gr\u00e0cies per la vostra col\u00b7laboraci\u00f3.<\/p><h4><b>Qui som?<\/b><\/h4><ul><li class=\"translation-block\">La nostra denominaci\u00f3: <strong>Dr. Juan \u00c1ngel Aibar Dur\u00e1n<\/strong><\/li><li class=\"translation-block\">La nostra activitat principal: <strong>Serveis m\u00e8dics.<\/strong><\/li><li>La nostra adre\u00e7a:\u00a0<strong> 671 40 01 37<\/strong><\/li><li class=\"translation-block\">La nostra adre\u00e7a de correu electr\u00f2nic de contacte: <strong>hello@aibarneurocirugia.com<\/strong><\/li><li>Per a la vostra confian\u00e7a i seguretat, us informem que som una entitat inscrita en el Registre Mercantil.<\/li><\/ul><p>Estem a la vostra disposici\u00f3, no dubteu a contactar amb nosaltres.<\/p><h4 class=\"translation-block\">Per qu\u00e8 utilitzem les vostres dades?<\/h4><p>Amb car\u00e0cter general, les seves dades personals seran utilitzades per poder relacionar-nos amb vost\u00e8 i poder prestar-li els nostres serveis, inclosos tamb\u00e9 el comer\u00e7 electr\u00f2nic, tamb\u00e9 conegut com a e-commerce, consistent en la compra i venda de\u00a0<a href=\"https:\/\/es.wikipedia.org\/wiki\/Producto_(marketing)\">productes<\/a>\u00a0o de\u00a0<a href=\"https:\/\/es.wikipedia.org\/wiki\/Servicio_(economa)\">serveis<\/a>\u00a0a trav\u00e9s de mitjans electr\u00f2nics.<\/p><p>Aix\u00ed mateix, tamb\u00e9 poden ser usats per a altres activitats, com enviar publicitat o promocionar les nostres activitats.\u00a0<\/p><h4><strong>Per qu\u00e8 necessitem utilitzar les vostres dades?<\/strong><\/h4><p>Les vostres dades personals s\u00f3n necess\u00e0ries per poder relacionar-nos amb vost\u00e8 i poder prestar-li els nostres serveis, inclosos els de comer\u00e7 electr\u00f2nic. En aquest sentit, posarem a la vostra disposici\u00f3 una s\u00e8rie de caselles que us permetran decidir de manera clara i senzilla sobre l'\u00fas de la vostra informaci\u00f3 personal.<\/p><p>Tota la informaci\u00f3 que us requerim ser\u00e0 utilitzada per contribuir al correcte desenvolupament de la relaci\u00f3 de compravenda de productes que ens uneix amb vost\u00e8. Dades com ara adreces o n\u00fameros de tel\u00e8fon, que en principi semblen no estar relacionats amb lactivitat de comer\u00e7 electr\u00f2nic, seran utilitzades \u00fanicament per assegurar-nos que pugui gaudir dels productes adquirits a trav\u00e9s daquest lloc web.<\/p><p>La informaci\u00f3 que ens proporcioneu haur\u00e0 de ser vera\u00e7 perqu\u00e8 els serveis de comer\u00e7 electr\u00f2nic puguin prestar-se de manera coherent i efectiva. Seria interessant, a m\u00e9s, que actualitzi en tot moment la informaci\u00f3 que ens proporcioni per evitar errors o confusions futures que puguin fer fallida la correcta prestaci\u00f3 de serveis.\u00a0<\/p><h4><strong>Qui coneixer\u00e0 la informaci\u00f3 que us demanem?<\/strong><\/h4><p>Amb car\u00e0cter general, nom\u00e9s el personal de la nostra entitat que estigui degudament autoritzat podr\u00e0 tenir coneixement de la informaci\u00f3 que us demanem.<\/p><p>De la mateixa manera, podran tenir coneixement de la seva informaci\u00f3 personal aquelles entitats que necessitin tenir-hi acc\u00e9s perqu\u00e8 puguem prestar-li els nostres serveis. Aix\u00ed, per exemple, el nostre banc coneixer\u00e0 les vostres dades si el pagament dels nostres serveis es realitza mitjan\u00e7ant targeta o transfer\u00e8ncia banc\u00e0ria.<\/p><p>\u00c9s important que conegueu que la vostra informaci\u00f3 es comunicar\u00e0 a terceres entitats dedicades al transport de mercaderies oa la missatgeria, si b\u00e9 se cediran les dades imprescindibles perqu\u00e8 pugueu gaudir dels productes adquirits a trav\u00e9s d'aquesta web.<\/p><p>Aix\u00ed mateix, tindran coneixement de la seva informaci\u00f3 les entitats p\u00fabliques o privades a les quals estiguem obligats a facilitar les dades personals amb motiu del compliment d'alguna llei. Posant-ne un exemple, la Llei Tribut\u00e0ria obliga a facilitar a l'Ag\u00e8ncia Tribut\u00e0ria determinada informaci\u00f3 sobre operacions econ\u00f2miques que superin una quantitat determinada.<\/p><p>En el cas que, al marge dels sup\u00f2sits comentats, necessitem donar a con\u00e8ixer la vostra informaci\u00f3 personal a altres entitats, us sol\u00b7licitarem pr\u00e8viament el vostre perm\u00eds a trav\u00e9s d'opcions clares que us permetran decidir sobre aix\u00f2.<\/p><h4><strong>Com protegirem les vostres dades?<\/strong><\/h4><p>Protegirem les vostres dades amb mesures de seguretat eficaces en funci\u00f3 dels riscos que comporti l'\u00fas de la vostra informaci\u00f3.<\/p><p>Per aix\u00f2, la nostra entitat ha aprovat una Pol\u00edtica de Protecci\u00f3 de Dades i es realitzen controls i auditories anuals per verificar que les seves dades personals estan segures en tot moment.<\/p><p>No obstant aix\u00f2, heu de guardar la m\u00e0xima confidencialitat en relaci\u00f3 amb les vostres claus d'acc\u00e9s, adoptant totes les mesures necess\u00e0ries perqu\u00e8 aquestes no siguin utilitzades per tercers no autoritzats.<\/p><h4><strong>Enviarem les vostres dades a altres pa\u00efsos?<\/strong><\/h4><p>Al m\u00f3n hi ha pa\u00efsos que s\u00f3n segurs per a les seves dades i altres que no ho s\u00f3n tant. Aix\u00ed, per exemple, la Uni\u00f3 Europea \u00e9s un entorn segur per a les vostres dades. La nostra pol\u00edtica \u00e9s no enviar la vostra informaci\u00f3 personal a cap pa\u00eds que no sigui segur des del punt de vista de la protecci\u00f3 de les vostres dades.<\/p><p>En cas que, amb motiu de prestar-vos el servei, sigui imprescindible enviar les vostres dades a un pa\u00eds que no sigui tan segur com Espanya, sempre us sol\u00b7licitarem pr\u00e8viament el vostre perm\u00eds i aplicarem mesures de seguretat eficaces que redueixin els riscos de l'enviament de la vostra informaci\u00f3 personal a un altre pa\u00eds.<\/p><h4><strong>Durant quant de temps conservarem les vostres dades?<\/strong><\/h4><p>Conservarem les vostres dades durant la nostra relaci\u00f3 i mentre ens obliguin les lleis. Un cop finalitzats els terminis legals aplicables, procedirem a eliminar-los de manera segura i respectuosa amb el medi ambient.<strong>\u00a0<\/strong><\/p><h4><strong>Quins s\u00f3n els vostres drets de protecci\u00f3 de dades?<\/strong><\/h4><p>En qualsevol moment us podeu adre\u00e7ar a nosaltres per saber quina informaci\u00f3 tenim sobre vost\u00e8, rectificar-la si fos incorrecta i eliminar-la un cop finalitzada la nostra relaci\u00f3, en el cas que aix\u00f2 sigui legalment possible.<\/p><p>Tamb\u00e9 teniu dret a sol\u00b7licitar el trasp\u00e0s de la vostra informaci\u00f3 a una altra entitat. Aquest dret s'anomena \u201cportabilitat\u201d i pot ser \u00fatil en determinades situacions.<\/p><p>Per sol\u00b7licitar algun d'aquests drets, heu de fer una sol\u00b7licitud escrita a la nostra adre\u00e7a, juntament amb una fotoc\u00f2pia del vostre DNI, per poder-lo identificar.<\/p><p>A les oficines de la nostra entitat disposem de formularis espec\u00edfics per sol\u00b7licitar aquests drets i us oferim el nostre ajut per emplenar-los.<\/p><p class=\"translation-block\">Per saber m\u00e9s sobre els vostres drets de protecci\u00f3 de dades, podeu consultar la p\u00e0gina web de l'Ag\u00e8ncia Espanyola de Protecci\u00f3 de Dades (<a href=\"http:\/\/www.aepd.es\/\" target=\"_self\">www.aepd .es<\/a>).<\/p><h4><strong>Podeu retirar el vostre consentiment si canvieu d'opini\u00f3 en un moment posterior?<\/strong><\/h4><p>Vost\u00e8 pot retirar el seu consentiment si canvia dopini\u00f3 sobre l\u00fas de les seves dades en qualsevol moment.<\/p><p>Aix\u00ed per exemple, si vost\u00e8 al seu dia va estar interessat\/da a rebre publicitat dels nostres productes o serveis, per\u00f2 ja no desitja rebre m\u00e9s publicitat, ens ho pot fer constar a trav\u00e9s del formulari d'oposici\u00f3 al tractament disponible a les oficines de la nostra entitat.<\/p><h4><strong>En cas que entengueu que els vostres drets han estat desatesos, on podeu formular una reclamaci\u00f3?<\/strong><\/h4><p>En cas que entengueu que els vostres drets han estat desatesos per la nostra entitat, podeu formular una reclamaci\u00f3 a l'Ag\u00e8ncia Espanyola de Protecci\u00f3 de Dades, a trav\u00e9s d'algun dels mitjans seg\u00fcents:<\/p><ul><li>Sede electr\u00f3nica: www.aepd.es<\/li><li>Direcci\u00f3n postal: Agencia Espa\u00f1ola de Protecci\u00f3n de Datos , C\/ Jorge Juan, 6, 28001-Madrid<\/li><li>V\u00eda telef\u00f3nica:\u00a0 901 100 099 \/ 91 266 35 17<\/li><\/ul><p>Filing a complaint amb la Spanish Data Protection Agency no s'hauria d'entaular any cost i l'assist\u00e8ncia de lawyer or solicitor no \u00e9s requerida.<\/p><h4><strong>Elaborarem perfils sobre vost\u00e8?<\/strong><\/h4><p>La nostra pol\u00edtica \u00e9s no fer perfils sobre els usuaris dels nostres serveis.<\/p><p>No obstant aix\u00f2, hi pot haver situacions en qu\u00e8, amb finalitats de prestaci\u00f3 del servei, comercials o d'un altre tipus, necessitem elaborar perfils d'informaci\u00f3 sobre vosaltres. Un exemple pogu\u00e9s ser la utilitzaci\u00f3 del seu historial de compres o serveis per poder oferir productes o serveis adaptats als seus gustos o necessitats.<\/p><p>En aquest cas, aplicarem mesures de seguretat eficaces que protegeixin la seva informaci\u00f3 en tot moment de persones no autoritzades que pretenguin utilitzar-la en benefici propi.<\/p><p><strong>\u00a0<\/strong><\/p><h4><strong>Farem servir les vostres dades per a altres fins?<\/strong><\/h4><p>La nostra pol\u00edtica \u00e9s no utilitzar les vostres dades per a altres finalitats diferents de les que us hem explicat. Si, per\u00f2, necessit\u00e9ssim utilitzar les seves dades per a activitats diferents, sempre us sol\u00b7licitarem pr\u00e8viament el vostre perm\u00eds a trav\u00e9s d'opcions clares que us permetran decidir sobre aix\u00f2.<\/p><\/div><\/div><\/div><p><!-- \/wp:paragraph --><\/p>\t\t\t\t\t\t\t\t<\/div>\n\t\t\t\t<\/div>\n\t\t\t\t\t<\/div>\n\t\t<\/div>\n\t\t\t\t\t<\/div>\n\t\t<\/section>\n\t\t\t\t<\/div>","protected":false},"excerpt":{"rendered":"<p>Politica de privacidad Informaci\u00f3n en cumplimiento de la normativa de protecci\u00f3n de datos personales En Europa y en Espa\u00f1a existen normas de protecci\u00f3n de datos pensadas para proteger su informaci\u00f3n personal de obligado cumplimiento para nuestra entidad. Por ello, es muy importante para nosotros que entienda perfectamente qu\u00e9 vamos a hacer con los datos personales [&hellip;]<\/p>","protected":false},"author":3,"featured_media":0,"parent":0,"menu_order":0,"comment_status":"closed","ping_status":"closed","template":"","meta":{"content-type":"","footnotes":""},"class_list":["post-3","page","type-page","status-publish","hentry"],"yoast_head":"<!-- This site is optimized with the Yoast SEO plugin v25.4 - https:\/\/yoast.com\/wordpress\/plugins\/seo\/ -->\n<title>Pol\u00edtica de privacidad - Juan Aibar Neurocirugia<\/title>\n<meta name=\"robots\" content=\"noindex, nofollow\" \/>\n<meta property=\"og:locale\" content=\"ca_ES\" \/>\n<meta property=\"og:type\" content=\"article\" \/>\n<meta property=\"og:title\" content=\"Pol\u00edtica de privacidad - Juan Aibar Neurocirugia\" \/>\n<meta property=\"og:description\" content=\"Politica de privacidad Informaci\u00f3n en cumplimiento de la normativa de protecci\u00f3n de datos personales En Europa y en Espa\u00f1a existen normas de protecci\u00f3n de datos pensadas para proteger su informaci\u00f3n personal de obligado cumplimiento para nuestra entidad. Por ello, es muy importante para nosotros que entienda perfectamente qu\u00e9 vamos a hacer con los datos personales [&hellip;]\" \/>\n<meta property=\"og:url\" content=\"https:\/\/aibarneurocirugia.com\/ca\/politica-de-privacidad\/\" \/>\n<meta property=\"og:site_name\" content=\"Juan Aibar Neurocirugia\" \/>\n<meta property=\"article:modified_time\" content=\"2022-07-07T10:52:54+00:00\" \/>\n<meta name=\"twitter:card\" content=\"summary_large_image\" \/>\n<meta name=\"twitter:label1\" content=\"Temps estimat de lectura\" \/>\n\t<meta name=\"twitter:data1\" content=\"6 minuts\" \/>\n<script type=\"application\/ld+json\" class=\"yoast-schema-graph\">{\"@context\":\"https:\/\/schema.org\",\"@graph\":[{\"@type\":\"WebPage\",\"@id\":\"https:\/\/aibarneurocirugia.com\/politica-de-privacidad\/\",\"url\":\"https:\/\/aibarneurocirugia.com\/politica-de-privacidad\/\",\"name\":\"Pol\u00edtica de privacidad - Juan Aibar Neurocirugia\",\"isPartOf\":{\"@id\":\"https:\/\/aibarneurocirugia.com\/#website\"},\"datePublished\":\"2021-10-08T21:08:03+00:00\",\"dateModified\":\"2022-07-07T10:52:54+00:00\",\"breadcrumb\":{\"@id\":\"https:\/\/aibarneurocirugia.com\/politica-de-privacidad\/#breadcrumb\"},\"inLanguage\":\"ca\",\"potentialAction\":[{\"@type\":\"ReadAction\",\"target\":[\"https:\/\/aibarneurocirugia.com\/politica-de-privacidad\/\"]}]},{\"@type\":\"BreadcrumbList\",\"@id\":\"https:\/\/aibarneurocirugia.com\/politica-de-privacidad\/#breadcrumb\",\"itemListElement\":[{\"@type\":\"ListItem\",\"position\":1,\"name\":\"Portada\",\"item\":\"https:\/\/aibarneurocirugia.com\/\"},{\"@type\":\"ListItem\",\"position\":2,\"name\":\"Pol\u00edtica de privacidad\"}]},{\"@type\":\"WebSite\",\"@id\":\"https:\/\/aibarneurocirugia.com\/#website\",\"url\":\"https:\/\/aibarneurocirugia.com\/\",\"name\":\"Juan Aibar Neurocirugia\",\"description\":\"Neurocirujano Barcelona\",\"publisher\":{\"@id\":\"https:\/\/aibarneurocirugia.com\/#organization\"},\"potentialAction\":[{\"@type\":\"SearchAction\",\"target\":{\"@type\":\"EntryPoint\",\"urlTemplate\":\"https:\/\/aibarneurocirugia.com\/?s={search_term_string}\"},\"query-input\":{\"@type\":\"PropertyValueSpecification\",\"valueRequired\":true,\"valueName\":\"search_term_string\"}}],\"inLanguage\":\"ca\"},{\"@type\":\"Organization\",\"@id\":\"https:\/\/aibarneurocirugia.com\/#organization\",\"name\":\"Juan Aibar Neurocirug\u00eda\",\"url\":\"https:\/\/aibarneurocirugia.com\/\",\"logo\":{\"@type\":\"ImageObject\",\"inLanguage\":\"ca\",\"@id\":\"https:\/\/aibarneurocirugia.com\/#\/schema\/logo\/image\/\",\"url\":\"https:\/\/aibarneurocirugia.com\/wp-content\/uploads\/2021\/12\/Fig-4-scaled.jpg\",\"contentUrl\":\"https:\/\/aibarneurocirugia.com\/wp-content\/uploads\/2021\/12\/Fig-4-scaled.jpg\",\"width\":2560,\"height\":1542,\"caption\":\"Juan Aibar Neurocirug\u00eda\"},\"image\":{\"@id\":\"https:\/\/aibarneurocirugia.com\/#\/schema\/logo\/image\/\"}}]}<\/script>\n<!-- \/ Yoast SEO plugin. -->","yoast_head_json":{"title":"Pol\u00edtica de privacidad - Juan Aibar Neurocirugia","robots":{"index":"noindex","follow":"nofollow"},"og_locale":"ca_ES","og_type":"article","og_title":"Pol\u00edtica de privacidad - Juan Aibar Neurocirugia","og_description":"Politica de privacidad Informaci\u00f3n en cumplimiento de la normativa de protecci\u00f3n de datos personales En Europa y en Espa\u00f1a existen normas de protecci\u00f3n de datos pensadas para proteger su informaci\u00f3n personal de obligado cumplimiento para nuestra entidad. Por ello, es muy importante para nosotros que entienda perfectamente qu\u00e9 vamos a hacer con los datos personales [&hellip;]","og_url":"https:\/\/aibarneurocirugia.com\/ca\/politica-de-privacidad\/","og_site_name":"Juan Aibar Neurocirugia","article_modified_time":"2022-07-07T10:52:54+00:00","twitter_card":"summary_large_image","twitter_misc":{"Temps estimat de lectura":"6 minuts"},"schema":{"@context":"https:\/\/schema.org","@graph":[{"@type":"WebPage","@id":"https:\/\/aibarneurocirugia.com\/politica-de-privacidad\/","url":"https:\/\/aibarneurocirugia.com\/politica-de-privacidad\/","name":"Pol\u00edtica de privacidad - Juan Aibar Neurocirugia","isPartOf":{"@id":"https:\/\/aibarneurocirugia.com\/#website"},"datePublished":"2021-10-08T21:08:03+00:00","dateModified":"2022-07-07T10:52:54+00:00","breadcrumb":{"@id":"https:\/\/aibarneurocirugia.com\/politica-de-privacidad\/#breadcrumb"},"inLanguage":"ca","potentialAction":[{"@type":"ReadAction","target":["https:\/\/aibarneurocirugia.com\/politica-de-privacidad\/"]}]},{"@type":"BreadcrumbList","@id":"https:\/\/aibarneurocirugia.com\/politica-de-privacidad\/#breadcrumb","itemListElement":[{"@type":"ListItem","position":1,"name":"Portada","item":"https:\/\/aibarneurocirugia.com\/"},{"@type":"ListItem","position":2,"name":"Pol\u00edtica de privacidad"}]},{"@type":"WebSite","@id":"https:\/\/aibarneurocirugia.com\/#website","url":"https:\/\/aibarneurocirugia.com\/","name":"Juan Aibar Neurocirugia","description":"Neurocirujano Barcelona","publisher":{"@id":"https:\/\/aibarneurocirugia.com\/#organization"},"potentialAction":[{"@type":"SearchAction","target":{"@type":"EntryPoint","urlTemplate":"https:\/\/aibarneurocirugia.com\/?s={search_term_string}"},"query-input":{"@type":"PropertyValueSpecification","valueRequired":true,"valueName":"search_term_string"}}],"inLanguage":"ca"},{"@type":"Organization","@id":"https:\/\/aibarneurocirugia.com\/#organization","name":"Juan Aibar Neurocirug\u00eda","url":"https:\/\/aibarneurocirugia.com\/","logo":{"@type":"ImageObject","inLanguage":"ca","@id":"https:\/\/aibarneurocirugia.com\/#\/schema\/logo\/image\/","url":"https:\/\/aibarneurocirugia.com\/wp-content\/uploads\/2021\/12\/Fig-4-scaled.jpg","contentUrl":"https:\/\/aibarneurocirugia.com\/wp-content\/uploads\/2021\/12\/Fig-4-scaled.jpg","width":2560,"height":1542,"caption":"Juan Aibar Neurocirug\u00eda"},"image":{"@id":"https:\/\/aibarneurocirugia.com\/#\/schema\/logo\/image\/"}}]}},"_links":{"self":[{"href":"https:\/\/aibarneurocirugia.com\/ca\/wp-json\/wp\/v2\/pages\/3","targetHints":{"allow":["GET"]}}],"collection":[{"href":"https:\/\/aibarneurocirugia.com\/ca\/wp-json\/wp\/v2\/pages"}],"about":[{"href":"https:\/\/aibarneurocirugia.com\/ca\/wp-json\/wp\/v2\/types\/page"}],"author":[{"embeddable":true,"href":"https:\/\/aibarneurocirugia.com\/ca\/wp-json\/wp\/v2\/users\/3"}],"replies":[{"embeddable":true,"href":"https:\/\/aibarneurocirugia.com\/ca\/wp-json\/wp\/v2\/comments?post=3"}],"version-history":[{"count":20,"href":"https:\/\/aibarneurocirugia.com\/ca\/wp-json\/wp\/v2\/pages\/3\/revisions"}],"predecessor-version":[{"id":1216,"href":"https:\/\/aibarneurocirugia.com\/ca\/wp-json\/wp\/v2\/pages\/3\/revisions\/1216"}],"wp:attachment":[{"href":"https:\/\/aibarneurocirugia.com\/ca\/wp-json\/wp\/v2\/media?parent=3"}],"curies":[{"name":"wp","href":"https:\/\/api.w.org\/{rel}","templated":true}]}}