{"id":177,"date":"2021-10-21T17:08:10","date_gmt":"2021-10-21T17:08:10","guid":{"rendered":"https:\/\/aibarneurocirugia.com\/?page_id=177"},"modified":"2022-07-07T10:52:38","modified_gmt":"2022-07-07T10:52:38","slug":"politica-de-cookies","status":"publish","type":"page","link":"https:\/\/aibarneurocirugia.com\/en\/politica-de-cookies\/","title":{"rendered":"Cookies policy"},"content":{"rendered":"<div data-elementor-type=\"wp-page\" data-elementor-id=\"177\" class=\"elementor elementor-177\" data-elementor-post-type=\"page\">\n\t\t\t\t\t\t<section class=\"elementor-section elementor-top-section elementor-element elementor-element-30f8fc35 elementor-section-boxed elementor-section-height-default elementor-section-height-default\" data-id=\"30f8fc35\" data-element_type=\"section\">\n\t\t\t\t\t\t<div class=\"elementor-container elementor-column-gap-default\">\n\t\t\t\t\t<div class=\"elementor-column elementor-col-100 elementor-top-column elementor-element elementor-element-1c0050fc\" data-id=\"1c0050fc\" data-element_type=\"column\">\n\t\t\t<div class=\"elementor-widget-wrap elementor-element-populated\">\n\t\t\t\t\t\t<div class=\"elementor-element elementor-element-8c78cdf elementor-widget elementor-widget-heading\" data-id=\"8c78cdf\" data-element_type=\"widget\" data-widget_type=\"heading.default\">\n\t\t\t\t<div class=\"elementor-widget-container\">\n\t\t\t\t\t<h1 class=\"elementor-heading-title elementor-size-default\">COOKIES POLICY<\/h1>\t\t\t\t<\/div>\n\t\t\t\t<\/div>\n\t\t\t\t<div class=\"elementor-element elementor-element-61292c73 elementor-widget elementor-widget-text-editor\" data-id=\"61292c73\" data-element_type=\"widget\" data-widget_type=\"text-editor.default\">\n\t\t\t\t<div class=\"elementor-widget-container\">\n\t\t\t\t\t\t\t\t\t<p><\/p>\n<div class=\"elementor-element elementor-element-660dd25a elementor-widget elementor-widget-heading\" data-id=\"660dd25a\" data-element_type=\"widget\" data-widget_type=\"heading.default\">\n<div class=\"elementor-widget-container\">\n<div class=\"elementor-element elementor-element-5909145c elementor-widget elementor-widget-heading\" data-id=\"5909145c\" data-element_type=\"widget\" data-widget_type=\"heading.default\">\n<div class=\"elementor-widget-container\">&nbsp;<\/div>\n<\/div>\n<div class=\"elementor-element elementor-element-1035e6eb elementor-widget elementor-widget-text-editor\" data-id=\"1035e6eb\" data-element_type=\"widget\" data-widget_type=\"text-editor.default\">\n<div class=\"elementor-widget-container\">\n<div class=\"elementor-text-editor elementor-clearfix\">\n<p>Bienvenida\/o a la&nbsp;<strong>COOKIES POLICY<\/strong>&nbsp;de la p\u00e1gina web de la entidad&nbsp; <b>DR JUAN AIBAR&nbsp;<\/b><b>,&nbsp;<\/b>donde te explicaremos en un lenguaje claro y sencillo todas las cuestiones necesarias para que puedas tener el control sobre ellas en base a tus decisiones personales.<\/p>\n<h4 class=\"wp-block-heading\"><strong>WHAT ARE COOKIES AND WHAT DO WE USE THEM FOR?<\/strong><\/h4>\n<p>Una&nbsp;cookie&nbsp;o galleta inform\u00e1tica es un peque\u00f1o archivo de informaci\u00f3n que se guarda en tu ordenador, \u201csmartphone\u201d o tableta cada vez que visitas nuestra p\u00e1gina web.<\/p>\n<p>In principle, a cookie is harmless: it does not contain viruses, Trojans, worms, etc. that can damage your terminal, but it does have a certain impact on your right to the protection of your personal data, as it collects certain information concerning you (browsing habits, identity, preferences, etc.).<\/p>\n<p>That is why, based on the provisions of the applicable regulations (LSSI and current legislation on personal data protection), the activation of certain types of cookies will require your prior authorization.<\/p>\n<p>Before doing so, we will give you some additional information that will help you to make a better decision in this regard:<\/p>\n<ol>\n<li>Cookies can be of various types depending on their purpose:<\/li>\n<\/ol>\n<ul>\n<li>Technical cookies are necessary for our website to function, they do not require your authorization and are the only ones we have enabled by default.<\/li>\n<li class=\"translation-block\">The other cookies are used to improve our site, to customize it based on your preferences, or to be able to show you advertising tailored to your searches, tastes and personal interests. You can accept all these cookies by clicking the button\u00a0<strong>ACCEPT<\/strong>or configure them or refuse to use them by clicking on the section\u00a0<strong>COOKIE SETTINGS<\/strong>.<\/li>\n<\/ul>\n<ol start=\"2\">\n<li class=\"translation-block\">Some cookies are ours (we will refer to them as\u00a0<strong>our cookies<\/strong>) and others belong to external companies that provide services for our web site (we will call them\u00a0<strong>third party cookies<\/strong>:an example could be cookies from external suppliers such as Google). In this regard, it is important for you to know that some of these external providers may be located outside Spain.<\/li>\n<\/ol>\n<p>Globally, not all countries have the same level of data protection, with some countries being more secure than others (for example, the European Union is a secure environment for your data). Our policy is to use reliable suppliers who, regardless of whether or not they are located in the European Union, have adopted appropriate safeguards for the protection of your personal information. However, in the section entitled&nbsp;<\/p>\n<p><strong>WHAT TYPE OF COOKIES ARE CURRENTLY USED ON OUR WEBSITE?<\/strong>If you wish to make an informed decision about whether or not to activate the privacy and data protection policies of each of these external providers, you can consult the different privacy and data protection policies of each of them.&nbsp;<strong>third party cookies<\/strong>&nbsp;that our web page use<\/p>\n<ol start=\"3\">\n<li>Finally, we would like to point out that, depending on the length of time they remain active, cookies can be of two types:<\/li>\n<\/ol>\n<ul>\n<li class=\"translation-block\"><strong>Session cookies:<\/strong>\u00a0expire automatically when you log out of your computer, smartphone or tablet. They are usually used to retain the necessary information while a service is provided to you on a one-time basis.<\/li>\n<li class=\"translation-block\"><strong>Persistent cookies:<\/strong>remain stored on your computer, smartphone or tablet for a certain period of time, which can vary from a few minutes to several years.<\/li>\n<li>&nbsp;<\/li>\n<\/ul>\n<p><strong>WHAT KIND OF COOKIES CAN WE USE ON OUR WEBSITE?<\/strong><\/p>\n<ul>\n<li><strong>Technical Cookies:<\/strong><\/li>\n<\/ul>\n<p class=\"translation-block\">\u00a0Technical cookies are strictly necessary for our website to work and for you to be able to browse it. This type of cookies are those that, for example, allow us to identify you, give you access to certain restricted parts of the page if necessary, or remember different options or services already selected by you, such as your privacy preferences. For this reason,<strong>are activated by default, and your authorization is not required.<\/strong>.<\/p>\n<p>Through the configuration of your browser, you can block or alert of the presence of this type of cookies, although said blocking will affect the correct functioning of the different functionalities of our website.<\/p>\n<ul>\n<li><strong>Analytics Cookies:<\/strong><\/li>\n<\/ul>\n<p>Analytics cookies allow us to study the navigation of users of our website in general (for example, which sections of the site are the most visited, which services are most used and if they work properly, etc.).<\/p>\n<p class=\"translation-block\">Based on statistical information about navigation on our website, we can improve both the operation of the site itself and the various services it offers. Therefore, these cookies<strong>are not intended for advertising purposes<\/strong>They only serve to make our website work better, adapting it to our users in general. By activating them you will contribute to this continuous improvement.<strong>are not intended for advertising purposes<\/strong>,but only serve to make our website work better, adapting it to our users in general. By activating them you will contribute to this continuous improvement.<\/p>\n<p class=\"translation-block\"><strong>You can enable or disable these cookies by checking the appropriate box.<\/strong>The default settings are deactivated by default.<\/p>\n<ul>\n<li><strong>Functionality and Personalization Cookies:<\/strong><\/li>\n<\/ul>\n<p>Functionality cookies allow us to remember your preferences, to customize certain features and general options of our website each time you access it (for example, the language in which the information is presented to you, the sections marked as favorites, your browser type, etc.).<\/p>\n<p class=\"translation-block\">Therefore, this type of cookies<strong>are not intended for advertising purposes<\/strong>By activating them, you will improve the functionality of the website (for example, by adapting to your browser type) and the personalization of the website based on your preferences (for example, by presenting the information in the language you have chosen in the past), which will contribute to the ease, usability and comfort of our website during your navigation.<\/p>\n<p class=\"translation-block\"><strong>You can enable or disable these cookies by checking the appropriate box.<\/strong>The default settings are deactivated by default.<\/p>\n<ul>\n<li><strong>Advertising Cookies:<\/strong><\/li>\n<\/ul>\n<p>Advertising cookies allow us to manage the advertising spaces included on our website based on criteria such as the content displayed or the frequency at which ads are shown.<\/p>\n<p>For example, if you have been shown the same advertisement several times on our website, and you have not shown a personal interest by clicking on it, it will not appear again. In short, by activating this type of cookie, the advertising displayed on our website will be more useful and diverse, and less repetitive.<\/p>\n<p class=\"translation-block\"><strong>You can enable or disable these cookies by checking the appropriate box.<\/strong>The default settings are deactivated by default.<\/p>\n<ul>\n<li><strong>COOKIES<\/strong><\/li>\n<\/ul>\n<p>Behavioral advertising cookies allow us to obtain information based on observing your browsing habits and behaviors on the web, in order to be able to show you advertising content that better suits your tastes and personal interests.<\/p>\n<p>To make it easier for you to understand, we will give you a fictitious example: if your last searches on the web were related to thriller literature, we would show you advertisements about thriller books.<\/p>\n<p>Therefore, by activating this type of cookies, the advertising we show you on our website will not be generic, but will be oriented to your searches, tastes and interests, thus adjusting exclusively to you.<\/p>\n<p class=\"translation-block\"><strong>You can enable or disable these cookies by checking the appropriate box.<\/strong>The default settings are deactivated by default.<\/p>\n<h4><strong>WHAT TYPE OF COOKIES ARE CURRENTLY USED ON OUR WEBSITE?<\/strong><\/h4>\n<p>Below, we proceed to inform you about all the types of cookies that are currently used on our website and the purpose of each of them<\/p>\n<ul>\n<li class=\"translation-block\"><b>Cookie de Google Maps,<\/b>\u00a0\u00a0as set forth on its page on what<a href=\"https:\/\/www.google.com\/intl\/es\/policies\/technologies\/types\/\" target=\"_self\">type of cookies uses<\/a>.<\/li>\n<li><b>Cookie de Google Maps,<\/b>&nbsp;seg\u00fan lo dispuesto en su p\u00e1gina sobre qu\u00e9&nbsp;<a href=\"http:\/\/www.google.com\/intl\/es\/policies\/technologies\/types\/\">tipo de cookies utilizan<\/a>.<\/li>\n<li class=\"translation-block\"><strong>Social networks:<\/strong>Social media cookies may be stored in your browser while you are browsing the site.<i>https:\/\/www.drapilarperez.com<\/i>\u00a0for example, when you use the button to share content on any social network. The companies that generate these cookies corresponding to the social networks used by this website have their own cookie policies:<\/li>\n<li><strong>Redes sociales:<\/strong>&nbsp;Social network cookies can be stored in your browser while you browse&nbsp;<i>www.aibarneurocirugia.com<\/i>&nbsp;for example, when you use the button to share content on a social network. The companies that generate these cookies corresponding to the social networks that this website uses have their own cookie policies:<\/li>\n<li class=\"translation-block\">Cookie of twitter, \u00a0as set forth in its<a href=\"https:\/\/twitter.com\/privacy\" target=\"_self\">privacy policy and use of cookies<\/a>.<\/li>\n<li class=\"translation-block\">Facebook Cookie, in accordance with the provisions of its\u00a0<a href=\"https:\/\/www.facebook.com\/help\/cookies?ref_type=sitefooter\" target=\"_self\">cookies policy<\/a><\/li>\n<li class=\"translation-block\">Instagram Cookie, as set forth in its.\u00a0<a href=\"https:\/\/www.facebook.com\/policies\/cookies\/\" target=\"_self\" rel=\"noopener noreferrer\">Cookies policy<\/a><\/li>\n<\/ul>\n<p>The privacy implications will depend on each social network and will depend on the privacy settings you have chosen in these networks. In no case, neither the responsible of this website nor the advertisers can obtain personally identifiable information from these cookies.<\/p>\n<h4><strong>&nbsp;<\/strong><strong>WHAT CAN YOU DO WITH COOKIES?<\/strong><\/h4>\n<p>When you access our website for the first time, you will be shown a window in which we inform you that cookies can be of various types:<\/p>\n<ul>\n<li>Technical cookies are necessary for our website to function, they do not require your authorization and are the only ones we have enabled by default.<\/li>\n<li class=\"translation-block\">The other cookies are used to improve our site, to customize it based on your preferences, or to be able to show you advertising tailored to your searches, tastes and personal interests. You can accept all these cookies by clicking the button\u00a0<strong>ACCEPT<\/strong>or configure them or refuse to use them by clicking on the section\u00a0<strong>COOKIE SETTINGS<\/strong>.<\/li>\n<\/ul>\n<p class=\"translation-block\">\u00a0Lastly, please note that, if you activate<strong>third party cookies<\/strong>\u00a0(external companies that provide services for our website) and subsequently wish to disable them, you can do so in two ways: using the tools to disable cookies from your browser or through the systems enabled by such external providers.<\/p>\n<p>Also remind you that, through your browser settings, you can block or warn of the presence of cookies, although said blocking may affect the correct functioning of the different functionalities of our website in the case of necessary technical cookies.<\/p>\n<p>Finally, indicate that, if you activate&nbsp;<strong>third party cookies<\/strong>&nbsp;(external companies that provide services for our website) and later you want to deactivate them, you can do so in two ways: using the cookie deactivation tools in your browser or through the systems enabled by said external providers.<\/p>\n<p>To make it much easier for you, here are a series of links to the guidelines for disabling cookies in commonly used browsers:<\/p>\n<ul>\n<li><a href=\"https:\/\/support.google.com\/accounts\/answer\/61416?co=GENIE.Platform%3DDesktop&amp;hl=es\">Google Chrome<\/a>.<\/li>\n<li><a href=\"https:\/\/support.mozilla.org\/es\/kb\/Borrar%20cookies\">Mozilla Firefox<\/a>.<\/li>\n<li><a href=\"https:\/\/support.microsoft.com\/es-es\/help\/278835\/how-to-delete-cookie-files-in-internet-explorer\">Internet Explorer<\/a>.<\/li>\n<li><a href=\"https:\/\/support.apple.com\/es-es\/guide\/safari\/sfri11471\/mac\">Safari<\/a>.<\/li>\n<li><a href=\"https:\/\/support.apple.com\/es-es\/HT201265\">Safari para IOS (iPhone y iPad)<\/a>.<\/li>\n<li><a href=\"https:\/\/support.google.com\/accounts\/answer\/61416?co=GENIE.Platform%3DAndroid&amp;hl=es&amp;oco=1\">Google Chrome para Android<\/a>.<\/li>\n<li><a href=\"https:\/\/support.google.com\/accounts\/answer\/61416?co=GENIE.Platform%3DiOS&amp;hl=es&amp;oco=1\">Google Chrome para Iphone y Ipad<\/a>.<\/li>\n<\/ul>\n<\/div>\n<\/div>\n<\/div>\n<\/div>\n<\/div>\n<p><\/p>\t\t\t\t\t\t\t\t<\/div>\n\t\t\t\t<\/div>\n\t\t\t\t\t<\/div>\n\t\t<\/div>\n\t\t\t\t\t<\/div>\n\t\t<\/section>\n\t\t\t\t<\/div>","protected":false},"excerpt":{"rendered":"<p>POL\u00cdTICA DE COOKIES &nbsp; Bienvenida\/o a la&nbsp;POL\u00cdTICA DE COOKIES&nbsp;de la p\u00e1gina web de la entidad&nbsp; DR JUAN AIBAR&nbsp;,&nbsp;donde te explicaremos en un lenguaje claro y sencillo todas las cuestiones necesarias para que puedas tener el control sobre ellas en base a tus decisiones personales. \u00bfQU\u00c9 SON LAS COOKIES Y PARA QU\u00c9 LAS USAMOS? Una&nbsp;cookie&nbsp;o galleta [&hellip;]<\/p>","protected":false},"author":3,"featured_media":0,"parent":0,"menu_order":0,"comment_status":"closed","ping_status":"closed","template":"elementor_header_footer","meta":{"content-type":"","footnotes":""},"class_list":["post-177","page","type-page","status-publish","hentry"],"yoast_head":"<!-- This site is optimized with the Yoast SEO plugin v25.4 - https:\/\/yoast.com\/wordpress\/plugins\/seo\/ -->\n<title>Pol\u00edtica de cookies - Juan Aibar Neurocirugia<\/title>\n<meta name=\"robots\" content=\"noindex, nofollow\" \/>\n<meta property=\"og:locale\" content=\"en_US\" \/>\n<meta property=\"og:type\" content=\"article\" \/>\n<meta property=\"og:title\" content=\"Pol\u00edtica de cookies - Juan Aibar Neurocirugia\" \/>\n<meta property=\"og:description\" content=\"POL\u00cdTICA DE COOKIES &nbsp; Bienvenida\/o a la&nbsp;POL\u00cdTICA DE COOKIES&nbsp;de la p\u00e1gina web de la entidad&nbsp; DR JUAN AIBAR&nbsp;,&nbsp;donde te explicaremos en un lenguaje claro y sencillo todas las cuestiones necesarias para que puedas tener el control sobre ellas en base a tus decisiones personales. \u00bfQU\u00c9 SON LAS COOKIES Y PARA QU\u00c9 LAS USAMOS? Una&nbsp;cookie&nbsp;o galleta [&hellip;]\" \/>\n<meta property=\"og:url\" content=\"https:\/\/aibarneurocirugia.com\/en\/politica-de-cookies\/\" \/>\n<meta property=\"og:site_name\" content=\"Juan Aibar Neurocirugia\" \/>\n<meta property=\"article:modified_time\" content=\"2022-07-07T10:52:38+00:00\" \/>\n<meta name=\"twitter:card\" content=\"summary_large_image\" \/>\n<meta name=\"twitter:label1\" content=\"Est. reading time\" \/>\n\t<meta name=\"twitter:data1\" content=\"9 minutes\" \/>\n<script type=\"application\/ld+json\" class=\"yoast-schema-graph\">{\"@context\":\"https:\/\/schema.org\",\"@graph\":[{\"@type\":\"WebPage\",\"@id\":\"https:\/\/aibarneurocirugia.com\/politica-de-cookies\/\",\"url\":\"https:\/\/aibarneurocirugia.com\/politica-de-cookies\/\",\"name\":\"Pol\u00edtica de cookies - Juan Aibar Neurocirugia\",\"isPartOf\":{\"@id\":\"https:\/\/aibarneurocirugia.com\/#website\"},\"datePublished\":\"2021-10-21T17:08:10+00:00\",\"dateModified\":\"2022-07-07T10:52:38+00:00\",\"breadcrumb\":{\"@id\":\"https:\/\/aibarneurocirugia.com\/politica-de-cookies\/#breadcrumb\"},\"inLanguage\":\"en-US\",\"potentialAction\":[{\"@type\":\"ReadAction\",\"target\":[\"https:\/\/aibarneurocirugia.com\/politica-de-cookies\/\"]}]},{\"@type\":\"BreadcrumbList\",\"@id\":\"https:\/\/aibarneurocirugia.com\/politica-de-cookies\/#breadcrumb\",\"itemListElement\":[{\"@type\":\"ListItem\",\"position\":1,\"name\":\"Portada\",\"item\":\"https:\/\/aibarneurocirugia.com\/\"},{\"@type\":\"ListItem\",\"position\":2,\"name\":\"Pol\u00edtica de cookies\"}]},{\"@type\":\"WebSite\",\"@id\":\"https:\/\/aibarneurocirugia.com\/#website\",\"url\":\"https:\/\/aibarneurocirugia.com\/\",\"name\":\"Juan Aibar Neurocirugia\",\"description\":\"Neurocirujano Barcelona\",\"publisher\":{\"@id\":\"https:\/\/aibarneurocirugia.com\/#organization\"},\"potentialAction\":[{\"@type\":\"SearchAction\",\"target\":{\"@type\":\"EntryPoint\",\"urlTemplate\":\"https:\/\/aibarneurocirugia.com\/?s={search_term_string}\"},\"query-input\":{\"@type\":\"PropertyValueSpecification\",\"valueRequired\":true,\"valueName\":\"search_term_string\"}}],\"inLanguage\":\"en-US\"},{\"@type\":\"Organization\",\"@id\":\"https:\/\/aibarneurocirugia.com\/#organization\",\"name\":\"Juan Aibar Neurocirug\u00eda\",\"url\":\"https:\/\/aibarneurocirugia.com\/\",\"logo\":{\"@type\":\"ImageObject\",\"inLanguage\":\"en-US\",\"@id\":\"https:\/\/aibarneurocirugia.com\/#\/schema\/logo\/image\/\",\"url\":\"https:\/\/aibarneurocirugia.com\/wp-content\/uploads\/2021\/12\/Fig-4-scaled.jpg\",\"contentUrl\":\"https:\/\/aibarneurocirugia.com\/wp-content\/uploads\/2021\/12\/Fig-4-scaled.jpg\",\"width\":2560,\"height\":1542,\"caption\":\"Juan Aibar Neurocirug\u00eda\"},\"image\":{\"@id\":\"https:\/\/aibarneurocirugia.com\/#\/schema\/logo\/image\/\"}}]}<\/script>\n<!-- \/ Yoast SEO plugin. -->","yoast_head_json":{"title":"Pol\u00edtica de cookies - Juan Aibar Neurocirugia","robots":{"index":"noindex","follow":"nofollow"},"og_locale":"en_US","og_type":"article","og_title":"Pol\u00edtica de cookies - Juan Aibar Neurocirugia","og_description":"POL\u00cdTICA DE COOKIES &nbsp; Bienvenida\/o a la&nbsp;POL\u00cdTICA DE COOKIES&nbsp;de la p\u00e1gina web de la entidad&nbsp; DR JUAN AIBAR&nbsp;,&nbsp;donde te explicaremos en un lenguaje claro y sencillo todas las cuestiones necesarias para que puedas tener el control sobre ellas en base a tus decisiones personales. \u00bfQU\u00c9 SON LAS COOKIES Y PARA QU\u00c9 LAS USAMOS? Una&nbsp;cookie&nbsp;o galleta [&hellip;]","og_url":"https:\/\/aibarneurocirugia.com\/en\/politica-de-cookies\/","og_site_name":"Juan Aibar Neurocirugia","article_modified_time":"2022-07-07T10:52:38+00:00","twitter_card":"summary_large_image","twitter_misc":{"Est. reading time":"9 minutes"},"schema":{"@context":"https:\/\/schema.org","@graph":[{"@type":"WebPage","@id":"https:\/\/aibarneurocirugia.com\/politica-de-cookies\/","url":"https:\/\/aibarneurocirugia.com\/politica-de-cookies\/","name":"Pol\u00edtica de cookies - Juan Aibar Neurocirugia","isPartOf":{"@id":"https:\/\/aibarneurocirugia.com\/#website"},"datePublished":"2021-10-21T17:08:10+00:00","dateModified":"2022-07-07T10:52:38+00:00","breadcrumb":{"@id":"https:\/\/aibarneurocirugia.com\/politica-de-cookies\/#breadcrumb"},"inLanguage":"en-US","potentialAction":[{"@type":"ReadAction","target":["https:\/\/aibarneurocirugia.com\/politica-de-cookies\/"]}]},{"@type":"BreadcrumbList","@id":"https:\/\/aibarneurocirugia.com\/politica-de-cookies\/#breadcrumb","itemListElement":[{"@type":"ListItem","position":1,"name":"Portada","item":"https:\/\/aibarneurocirugia.com\/"},{"@type":"ListItem","position":2,"name":"Pol\u00edtica de cookies"}]},{"@type":"WebSite","@id":"https:\/\/aibarneurocirugia.com\/#website","url":"https:\/\/aibarneurocirugia.com\/","name":"Juan Aibar Neurocirugia","description":"Neurocirujano Barcelona","publisher":{"@id":"https:\/\/aibarneurocirugia.com\/#organization"},"potentialAction":[{"@type":"SearchAction","target":{"@type":"EntryPoint","urlTemplate":"https:\/\/aibarneurocirugia.com\/?s={search_term_string}"},"query-input":{"@type":"PropertyValueSpecification","valueRequired":true,"valueName":"search_term_string"}}],"inLanguage":"en-US"},{"@type":"Organization","@id":"https:\/\/aibarneurocirugia.com\/#organization","name":"Juan Aibar Neurocirug\u00eda","url":"https:\/\/aibarneurocirugia.com\/","logo":{"@type":"ImageObject","inLanguage":"en-US","@id":"https:\/\/aibarneurocirugia.com\/#\/schema\/logo\/image\/","url":"https:\/\/aibarneurocirugia.com\/wp-content\/uploads\/2021\/12\/Fig-4-scaled.jpg","contentUrl":"https:\/\/aibarneurocirugia.com\/wp-content\/uploads\/2021\/12\/Fig-4-scaled.jpg","width":2560,"height":1542,"caption":"Juan Aibar Neurocirug\u00eda"},"image":{"@id":"https:\/\/aibarneurocirugia.com\/#\/schema\/logo\/image\/"}}]}},"_links":{"self":[{"href":"https:\/\/aibarneurocirugia.com\/en\/wp-json\/wp\/v2\/pages\/177","targetHints":{"allow":["GET"]}}],"collection":[{"href":"https:\/\/aibarneurocirugia.com\/en\/wp-json\/wp\/v2\/pages"}],"about":[{"href":"https:\/\/aibarneurocirugia.com\/en\/wp-json\/wp\/v2\/types\/page"}],"author":[{"embeddable":true,"href":"https:\/\/aibarneurocirugia.com\/en\/wp-json\/wp\/v2\/users\/3"}],"replies":[{"embeddable":true,"href":"https:\/\/aibarneurocirugia.com\/en\/wp-json\/wp\/v2\/comments?post=177"}],"version-history":[{"count":28,"href":"https:\/\/aibarneurocirugia.com\/en\/wp-json\/wp\/v2\/pages\/177\/revisions"}],"predecessor-version":[{"id":1215,"href":"https:\/\/aibarneurocirugia.com\/en\/wp-json\/wp\/v2\/pages\/177\/revisions\/1215"}],"wp:attachment":[{"href":"https:\/\/aibarneurocirugia.com\/en\/wp-json\/wp\/v2\/media?parent=177"}],"curies":[{"name":"wp","href":"https:\/\/api.w.org\/{rel}","templated":true}]}}