{"id":190,"date":"2021-10-21T17:11:28","date_gmt":"2021-10-21T17:11:28","guid":{"rendered":"https:\/\/aibarneurocirugia.com\/?page_id=190"},"modified":"2022-07-07T10:53:11","modified_gmt":"2022-07-07T10:53:11","slug":"proteccion-de-datos","status":"publish","type":"page","link":"https:\/\/aibarneurocirugia.com\/en\/proteccion-de-datos\/","title":{"rendered":"Data Protection"},"content":{"rendered":"<div data-elementor-type=\"wp-page\" data-elementor-id=\"190\" class=\"elementor elementor-190\" data-elementor-post-type=\"page\">\n\t\t\t\t\t\t<section class=\"elementor-section elementor-top-section elementor-element elementor-element-30f8fc35 elementor-section-boxed elementor-section-height-default elementor-section-height-default\" data-id=\"30f8fc35\" data-element_type=\"section\">\n\t\t\t\t\t\t<div class=\"elementor-container elementor-column-gap-default\">\n\t\t\t\t\t<div class=\"elementor-column elementor-col-100 elementor-top-column elementor-element elementor-element-1c0050fc\" data-id=\"1c0050fc\" data-element_type=\"column\">\n\t\t\t<div class=\"elementor-widget-wrap elementor-element-populated\">\n\t\t\t\t\t\t<div class=\"elementor-element elementor-element-d153c0e elementor-widget elementor-widget-heading\" data-id=\"d153c0e\" data-element_type=\"widget\" data-widget_type=\"heading.default\">\n\t\t\t\t<div class=\"elementor-widget-container\">\n\t\t\t\t\t<h2 class=\"elementor-heading-title elementor-size-default\">DATA PROTECTION POLICY<\/h2>\t\t\t\t<\/div>\n\t\t\t\t<\/div>\n\t\t\t\t<div class=\"elementor-element elementor-element-61292c73 elementor-widget elementor-widget-text-editor\" data-id=\"61292c73\" data-element_type=\"widget\" data-widget_type=\"text-editor.default\">\n\t\t\t\t<div class=\"elementor-widget-container\">\n\t\t\t\t\t\t\t\t\t<p><\/p>\n<div class=\"elementor-element elementor-element-660dd25a elementor-widget elementor-widget-heading\" data-id=\"660dd25a\" data-element_type=\"widget\" data-widget_type=\"heading.default\">\n<div class=\"elementor-widget-container\">\n<div class=\"elementor-element elementor-element-31f874af elementor-widget elementor-widget-heading\" data-id=\"31f874af\" data-element_type=\"widget\" data-widget_type=\"heading.default\">\n<div class=\"elementor-widget-container\">\n<h2 class=\"elementor-heading-title elementor-size-default wp-block-heading\">&nbsp;<\/h2>\n<\/div>\n<\/div>\n<div class=\"elementor-element elementor-element-390e0146 elementor-widget elementor-widget-text-editor\" data-id=\"390e0146\" data-element_type=\"widget\" data-widget_type=\"text-editor.default\">\n<div class=\"elementor-widget-container\">\n<div class=\"elementor-text-editor elementor-clearfix\">\n<p>La Direcci\u00f3n \/ \u00d3rgano de Gobierno de Juan Aibar (en adelante, el responsable del tratamiento), asume la m\u00e1xima responsabilidad y compromiso con el establecimiento, implementaci\u00f3n y mantenimiento de la presente Pol\u00edtica de Protecci\u00f3n de Datos, garantizando la mejora continua del responsable del tratamiento con el objetivo de alcanzar la excelencia en relaci\u00f3n con el cumplimiento del Reglamento (UE) 2016\/679 del Parlamento Europeo y del Consejo, de 27 de abril de 2016, relativo a la protecci\u00f3n de las personas f\u00edsicas en lo que respecta al tratamiento de datos personales y a la libre circulaci\u00f3n de estos datos y por el que se deroga la Directiva&nbsp;95\/46\/CE (Reglamento general de protecci\u00f3n de datos) (DOUE L 119\/1, 04-05-2016), y de la normativa espa\u00f1ola de protecci\u00f3n de datos de car\u00e1cter personal (Ley Org\u00e1nica, legislaci\u00f3n sectorial espec\u00edfica y sus normas de desarrollo).<\/p>\n<p><\/p>\n<p class=\"translation-block\">The Data Protection Policy of\n<b> <strong>Dr. Juan \u00c1ngel Aibar Dur\u00e1n<\/strong> <\/b>rests in the\u00a0<u>principle of proactive responsibility<\/u>according to which the data controller is responsible for compliance with the regulatory and jurisprudential framework governing this Policy, and is able to demonstrate this to the competent supervisory authorities.<\/p>\n<p><\/p>\n<p>In this regard, the controller shall be governed by the following principles that should serve as a guide and frame of reference for all its personnel in the processing of personal data:<\/p>\n<p><\/p>\n<ol>\n<li class=\"translation-block\"><u>Data protection by design:<\/u>\u00a0the controller shall implement, both at the time of determining the means of processing and at the time of the processing itself, appropriate technical and organizational measures, such as pseudonymization, designed to effectively implement data protection principles, such as data minimization, and to integrate the necessary safeguards into the processing.<\/li>\n<\/ol>\n<ol start=\"2\">\n<li class=\"translation-block\"><u>Data protection by default:<\/u>the controller shall implement appropriate technical and organizational measures to ensure that, by default, only personal data that are necessary for each of the specific purposes of the processing are processed.<\/li>\n<\/ol>\n<ol start=\"3\">\n<li class=\"translation-block\"><u>Data protection in the information life cycle:<\/u>\u00a0measures to ensure the protection of personal data shall be applicable throughout the entire life cycle of the information.<\/li>\n<\/ol>\n<ol start=\"4\">\n<li class=\"translation-block\"><u>Loyalty, loyalty and transparency:<\/u>\u00a0personal data will be processed in a lawful, fair and transparent manner in relation to the data subject.<\/li>\n<\/ol>\n<ol start=\"5\">\n<li class=\"translation-block\"><u>Purpose limitation:<\/u>Personal data will be collected for specific, explicit and legitimate purposes, and will not be further processed in a way that is incompatible with those purposes.<\/li>\n<\/ol>\n<ol start=\"6\">\n<li class=\"translation-block\"><u>Data minimization:<\/u>Personal data will be adequate, relevant and limited to what is necessary in relation to the purposes for which they are processed.<\/li>\n<\/ol>\n<ol start=\"7\">\n<li class=\"translation-block\"><u>Accuracy:<\/u>personal data will be accurate and, if necessary, updated; All reasonable measures will be taken so that personal data that are inaccurate with respect to the purposes for which they are processed are suppressed or rectified without delay.<\/li>\n<\/ol>\n<ol start=\"8\">\n<li class=\"translation-block\"><u>Limitation of the conservation period:<\/u>\u00a0The personal data will be kept in a way that allows the identification of the interested parties for no longer than is necessary for the purposes of the processing of personal data.<\/li>\n<\/ol>\n<ol start=\"10\">\n<li class=\"translation-block\"><u>Integrity and confidentiality:<\/u>Personal data will be treated in such a way that adequate security of personal data is guaranteed, including protection against unauthorized or illegal treatment and against accidental loss, destruction or damage, through the application of appropriate technical or organizational measures.<\/li>\n<li class=\"translation-block\"><u>Information and training:<\/u>One of the keys to guaranteeing the protection of personal data is the training and information provided to the personnel involved in their treatment. During the information life cycle, all personnel with access to the data will be properly trained and informed about their obligations in relation to compliance with data protection regulations.<\/li>\n<\/ol>\n<p class=\"translation-block\">The Data Protection Policy of<b> aibarneurocirugia.com <\/b>It is communicated to all the personnel of the data controller and made available to all interested parties.<\/p>\n<p>Consequently, this Data Protection Policy involves all the personnel of the person responsible for the treatment, who must know and assume it, considering it as their own, each member being responsible for applying it and verifying the data protection regulations applicable to their activity. , as well as identifying and providing the opportunities for improvement that it deems appropriate in order to achieve excellence in relation to compliance.<\/p>\n<p>Esta Pol\u00edtica ser\u00e1 revisada por la Direcci\u00f3n \/ \u00d3rgano de Gobierno de aibarneurocirugia.com&nbsp; tantas veces como se considere necesario, para adecuarse, en todo momento, a las disposiciones vigentes en materia de protecci\u00f3n de datos de car\u00e1cter personal.<\/p>\n<\/div>\n<\/div>\n<\/div>\n<\/div>\n<\/div>\n<p><\/p>\t\t\t\t\t\t\t\t<\/div>\n\t\t\t\t<\/div>\n\t\t\t\t\t<\/div>\n\t\t<\/div>\n\t\t\t\t\t<\/div>\n\t\t<\/section>\n\t\t\t\t<\/div>","protected":false},"excerpt":{"rendered":"<p>POL\u00cdTICA DE PROTECCI\u00d3N DE DATOS &nbsp; La Direcci\u00f3n \/ \u00d3rgano de Gobierno de Juan Aibar (en adelante, el responsable del tratamiento), asume la m\u00e1xima responsabilidad y compromiso con el establecimiento, implementaci\u00f3n y mantenimiento de la presente Pol\u00edtica de Protecci\u00f3n de Datos, garantizando la mejora continua del responsable del tratamiento con el objetivo de alcanzar la [&hellip;]<\/p>","protected":false},"author":3,"featured_media":0,"parent":0,"menu_order":0,"comment_status":"closed","ping_status":"closed","template":"elementor_header_footer","meta":{"content-type":"","footnotes":""},"class_list":["post-190","page","type-page","status-publish","hentry"],"yoast_head":"<!-- This site is optimized with the Yoast SEO plugin v25.4 - https:\/\/yoast.com\/wordpress\/plugins\/seo\/ -->\n<title>Protecci\u00f3n de datos - Juan Aibar Neurocirugia<\/title>\n<meta name=\"robots\" content=\"noindex, nofollow\" \/>\n<meta property=\"og:locale\" content=\"en_US\" \/>\n<meta property=\"og:type\" content=\"article\" \/>\n<meta property=\"og:title\" content=\"Protecci\u00f3n de datos - Juan Aibar Neurocirugia\" \/>\n<meta property=\"og:description\" content=\"POL\u00cdTICA DE PROTECCI\u00d3N DE DATOS &nbsp; La Direcci\u00f3n \/ \u00d3rgano de Gobierno de Juan Aibar (en adelante, el responsable del tratamiento), asume la m\u00e1xima responsabilidad y compromiso con el establecimiento, implementaci\u00f3n y mantenimiento de la presente Pol\u00edtica de Protecci\u00f3n de Datos, garantizando la mejora continua del responsable del tratamiento con el objetivo de alcanzar la [&hellip;]\" \/>\n<meta property=\"og:url\" content=\"https:\/\/aibarneurocirugia.com\/en\/proteccion-de-datos\/\" \/>\n<meta property=\"og:site_name\" content=\"Juan Aibar Neurocirugia\" \/>\n<meta property=\"article:modified_time\" content=\"2022-07-07T10:53:11+00:00\" \/>\n<meta name=\"twitter:card\" content=\"summary_large_image\" \/>\n<meta name=\"twitter:label1\" content=\"Est. reading time\" \/>\n\t<meta name=\"twitter:data1\" content=\"4 minutes\" \/>\n<script type=\"application\/ld+json\" class=\"yoast-schema-graph\">{\"@context\":\"https:\/\/schema.org\",\"@graph\":[{\"@type\":\"WebPage\",\"@id\":\"https:\/\/aibarneurocirugia.com\/proteccion-de-datos\/\",\"url\":\"https:\/\/aibarneurocirugia.com\/proteccion-de-datos\/\",\"name\":\"Protecci\u00f3n de datos - Juan Aibar Neurocirugia\",\"isPartOf\":{\"@id\":\"https:\/\/aibarneurocirugia.com\/#website\"},\"datePublished\":\"2021-10-21T17:11:28+00:00\",\"dateModified\":\"2022-07-07T10:53:11+00:00\",\"breadcrumb\":{\"@id\":\"https:\/\/aibarneurocirugia.com\/proteccion-de-datos\/#breadcrumb\"},\"inLanguage\":\"en-US\",\"potentialAction\":[{\"@type\":\"ReadAction\",\"target\":[\"https:\/\/aibarneurocirugia.com\/proteccion-de-datos\/\"]}]},{\"@type\":\"BreadcrumbList\",\"@id\":\"https:\/\/aibarneurocirugia.com\/proteccion-de-datos\/#breadcrumb\",\"itemListElement\":[{\"@type\":\"ListItem\",\"position\":1,\"name\":\"Portada\",\"item\":\"https:\/\/aibarneurocirugia.com\/\"},{\"@type\":\"ListItem\",\"position\":2,\"name\":\"Protecci\u00f3n de datos\"}]},{\"@type\":\"WebSite\",\"@id\":\"https:\/\/aibarneurocirugia.com\/#website\",\"url\":\"https:\/\/aibarneurocirugia.com\/\",\"name\":\"Juan Aibar Neurocirugia\",\"description\":\"Neurocirujano Barcelona\",\"publisher\":{\"@id\":\"https:\/\/aibarneurocirugia.com\/#organization\"},\"potentialAction\":[{\"@type\":\"SearchAction\",\"target\":{\"@type\":\"EntryPoint\",\"urlTemplate\":\"https:\/\/aibarneurocirugia.com\/?s={search_term_string}\"},\"query-input\":{\"@type\":\"PropertyValueSpecification\",\"valueRequired\":true,\"valueName\":\"search_term_string\"}}],\"inLanguage\":\"en-US\"},{\"@type\":\"Organization\",\"@id\":\"https:\/\/aibarneurocirugia.com\/#organization\",\"name\":\"Juan Aibar Neurocirug\u00eda\",\"url\":\"https:\/\/aibarneurocirugia.com\/\",\"logo\":{\"@type\":\"ImageObject\",\"inLanguage\":\"en-US\",\"@id\":\"https:\/\/aibarneurocirugia.com\/#\/schema\/logo\/image\/\",\"url\":\"https:\/\/aibarneurocirugia.com\/wp-content\/uploads\/2021\/12\/Fig-4-scaled.jpg\",\"contentUrl\":\"https:\/\/aibarneurocirugia.com\/wp-content\/uploads\/2021\/12\/Fig-4-scaled.jpg\",\"width\":2560,\"height\":1542,\"caption\":\"Juan Aibar Neurocirug\u00eda\"},\"image\":{\"@id\":\"https:\/\/aibarneurocirugia.com\/#\/schema\/logo\/image\/\"}}]}<\/script>\n<!-- \/ Yoast SEO plugin. -->","yoast_head_json":{"title":"Protecci\u00f3n de datos - Juan Aibar Neurocirugia","robots":{"index":"noindex","follow":"nofollow"},"og_locale":"en_US","og_type":"article","og_title":"Protecci\u00f3n de datos - Juan Aibar Neurocirugia","og_description":"POL\u00cdTICA DE PROTECCI\u00d3N DE DATOS &nbsp; La Direcci\u00f3n \/ \u00d3rgano de Gobierno de Juan Aibar (en adelante, el responsable del tratamiento), asume la m\u00e1xima responsabilidad y compromiso con el establecimiento, implementaci\u00f3n y mantenimiento de la presente Pol\u00edtica de Protecci\u00f3n de Datos, garantizando la mejora continua del responsable del tratamiento con el objetivo de alcanzar la [&hellip;]","og_url":"https:\/\/aibarneurocirugia.com\/en\/proteccion-de-datos\/","og_site_name":"Juan Aibar Neurocirugia","article_modified_time":"2022-07-07T10:53:11+00:00","twitter_card":"summary_large_image","twitter_misc":{"Est. reading time":"4 minutes"},"schema":{"@context":"https:\/\/schema.org","@graph":[{"@type":"WebPage","@id":"https:\/\/aibarneurocirugia.com\/proteccion-de-datos\/","url":"https:\/\/aibarneurocirugia.com\/proteccion-de-datos\/","name":"Protecci\u00f3n de datos - Juan Aibar Neurocirugia","isPartOf":{"@id":"https:\/\/aibarneurocirugia.com\/#website"},"datePublished":"2021-10-21T17:11:28+00:00","dateModified":"2022-07-07T10:53:11+00:00","breadcrumb":{"@id":"https:\/\/aibarneurocirugia.com\/proteccion-de-datos\/#breadcrumb"},"inLanguage":"en-US","potentialAction":[{"@type":"ReadAction","target":["https:\/\/aibarneurocirugia.com\/proteccion-de-datos\/"]}]},{"@type":"BreadcrumbList","@id":"https:\/\/aibarneurocirugia.com\/proteccion-de-datos\/#breadcrumb","itemListElement":[{"@type":"ListItem","position":1,"name":"Portada","item":"https:\/\/aibarneurocirugia.com\/"},{"@type":"ListItem","position":2,"name":"Protecci\u00f3n de datos"}]},{"@type":"WebSite","@id":"https:\/\/aibarneurocirugia.com\/#website","url":"https:\/\/aibarneurocirugia.com\/","name":"Juan Aibar Neurocirugia","description":"Neurocirujano Barcelona","publisher":{"@id":"https:\/\/aibarneurocirugia.com\/#organization"},"potentialAction":[{"@type":"SearchAction","target":{"@type":"EntryPoint","urlTemplate":"https:\/\/aibarneurocirugia.com\/?s={search_term_string}"},"query-input":{"@type":"PropertyValueSpecification","valueRequired":true,"valueName":"search_term_string"}}],"inLanguage":"en-US"},{"@type":"Organization","@id":"https:\/\/aibarneurocirugia.com\/#organization","name":"Juan Aibar Neurocirug\u00eda","url":"https:\/\/aibarneurocirugia.com\/","logo":{"@type":"ImageObject","inLanguage":"en-US","@id":"https:\/\/aibarneurocirugia.com\/#\/schema\/logo\/image\/","url":"https:\/\/aibarneurocirugia.com\/wp-content\/uploads\/2021\/12\/Fig-4-scaled.jpg","contentUrl":"https:\/\/aibarneurocirugia.com\/wp-content\/uploads\/2021\/12\/Fig-4-scaled.jpg","width":2560,"height":1542,"caption":"Juan Aibar Neurocirug\u00eda"},"image":{"@id":"https:\/\/aibarneurocirugia.com\/#\/schema\/logo\/image\/"}}]}},"_links":{"self":[{"href":"https:\/\/aibarneurocirugia.com\/en\/wp-json\/wp\/v2\/pages\/190","targetHints":{"allow":["GET"]}}],"collection":[{"href":"https:\/\/aibarneurocirugia.com\/en\/wp-json\/wp\/v2\/pages"}],"about":[{"href":"https:\/\/aibarneurocirugia.com\/en\/wp-json\/wp\/v2\/types\/page"}],"author":[{"embeddable":true,"href":"https:\/\/aibarneurocirugia.com\/en\/wp-json\/wp\/v2\/users\/3"}],"replies":[{"embeddable":true,"href":"https:\/\/aibarneurocirugia.com\/en\/wp-json\/wp\/v2\/comments?post=190"}],"version-history":[{"count":27,"href":"https:\/\/aibarneurocirugia.com\/en\/wp-json\/wp\/v2\/pages\/190\/revisions"}],"predecessor-version":[{"id":1217,"href":"https:\/\/aibarneurocirugia.com\/en\/wp-json\/wp\/v2\/pages\/190\/revisions\/1217"}],"wp:attachment":[{"href":"https:\/\/aibarneurocirugia.com\/en\/wp-json\/wp\/v2\/media?parent=190"}],"curies":[{"name":"wp","href":"https:\/\/api.w.org\/{rel}","templated":true}]}}